{"id":4414,"date":"2022-03-05T10:50:14","date_gmt":"2022-03-05T07:50:14","guid":{"rendered":"https:\/\/msttelekom.com\/iletisim\/"},"modified":"2023-03-30T12:56:36","modified_gmt":"2023-03-30T09:56:36","slug":"contact","status":"publish","type":"page","link":"https:\/\/msttelekom.com\/en\/contact\/","title":{"rendered":"Contact"},"content":{"rendered":"\t\t<div data-elementor-type=\"wp-page\" data-elementor-id=\"4414\" class=\"elementor elementor-4414 elementor-1024\">\n\t\t\t\t\t\t\t\t\t<section class=\"elementor-section elementor-top-section elementor-element elementor-element-5e6b0fd elementor-section-boxed elementor-section-height-default elementor-section-height-default wpr-particle-no wpr-jarallax-no wpr-parallax-no wpr-sticky-section-no\" data-id=\"5e6b0fd\" data-element_type=\"section\" data-settings=\"{&quot;background_background&quot;:&quot;classic&quot;}\">\n\t\t\t\t\t\t<div class=\"elementor-container elementor-column-gap-default\">\n\t\t\t\t\t<div class=\"elementor-column elementor-col-100 elementor-top-column elementor-element elementor-element-6baf3f4\" data-id=\"6baf3f4\" data-element_type=\"column\">\n\t\t\t<div class=\"elementor-widget-wrap elementor-element-populated\">\n\t\t\t\t\t\t\t\t<div class=\"elementor-element elementor-element-56fd5cc elementor-widget elementor-widget-spacer\" data-id=\"56fd5cc\" data-element_type=\"widget\" data-widget_type=\"spacer.default\">\n\t\t\t\t<div class=\"elementor-widget-container\">\n\t\t\t<style>\/*! elementor - v3.15.0 - 09-08-2023 *\/\n.elementor-column .elementor-spacer-inner{height:var(--spacer-size)}.e-con{--container-widget-width:100%}.e-con-inner>.elementor-widget-spacer,.e-con>.elementor-widget-spacer{width:var(--container-widget-width,var(--spacer-size));--align-self:var(--container-widget-align-self,initial);--flex-shrink:0}.e-con-inner>.elementor-widget-spacer>.elementor-widget-container,.e-con-inner>.elementor-widget-spacer>.elementor-widget-container>.elementor-spacer,.e-con>.elementor-widget-spacer>.elementor-widget-container,.e-con>.elementor-widget-spacer>.elementor-widget-container>.elementor-spacer{height:100%}.e-con-inner>.elementor-widget-spacer>.elementor-widget-container>.elementor-spacer>.elementor-spacer-inner,.e-con>.elementor-widget-spacer>.elementor-widget-container>.elementor-spacer>.elementor-spacer-inner{height:var(--container-widget-height,var(--spacer-size))}<\/style>\t\t<div class=\"elementor-spacer\">\n\t\t\t<div class=\"elementor-spacer-inner\"><\/div>\n\t\t<\/div>\n\t\t\t\t<\/div>\n\t\t\t\t<\/div>\n\t\t\t\t<div class=\"elementor-element elementor-element-8816b36 elementor-widget elementor-widget-heading\" data-id=\"8816b36\" data-element_type=\"widget\" data-widget_type=\"heading.default\">\n\t\t\t\t<div class=\"elementor-widget-container\">\n\t\t\t<style>\/*! elementor - v3.15.0 - 09-08-2023 *\/\n.elementor-heading-title{padding:0;margin:0;line-height:1}.elementor-widget-heading .elementor-heading-title[class*=elementor-size-]>a{color:inherit;font-size:inherit;line-height:inherit}.elementor-widget-heading .elementor-heading-title.elementor-size-small{font-size:15px}.elementor-widget-heading .elementor-heading-title.elementor-size-medium{font-size:19px}.elementor-widget-heading .elementor-heading-title.elementor-size-large{font-size:29px}.elementor-widget-heading .elementor-heading-title.elementor-size-xl{font-size:39px}.elementor-widget-heading .elementor-heading-title.elementor-size-xxl{font-size:59px}<\/style><h2 class=\"elementor-heading-title elementor-size-default\">Contact<\/h2>\t\t<\/div>\n\t\t\t\t<\/div>\n\t\t\t\t<div class=\"elementor-element elementor-element-88f6d0a elementor-widget elementor-widget-spacer\" data-id=\"88f6d0a\" data-element_type=\"widget\" data-widget_type=\"spacer.default\">\n\t\t\t\t<div class=\"elementor-widget-container\">\n\t\t\t\t\t<div class=\"elementor-spacer\">\n\t\t\t<div class=\"elementor-spacer-inner\"><\/div>\n\t\t<\/div>\n\t\t\t\t<\/div>\n\t\t\t\t<\/div>\n\t\t\t\t\t<\/div>\n\t\t<\/div>\n\t\t\t\t\t\t\t<\/div>\n\t\t<\/section>\n\t\t\t\t<section class=\"elementor-section elementor-top-section elementor-element elementor-element-749d240 elementor-section-full_width elementor-section-height-default elementor-section-height-default wpr-particle-no wpr-jarallax-no wpr-parallax-no wpr-sticky-section-no\" data-id=\"749d240\" data-element_type=\"section\">\n\t\t\t\t\t\t<div class=\"elementor-container elementor-column-gap-no\">\n\t\t\t\t\t<div class=\"elementor-column elementor-col-100 elementor-top-column elementor-element elementor-element-b0e814e\" data-id=\"b0e814e\" data-element_type=\"column\">\n\t\t\t<div class=\"elementor-widget-wrap elementor-element-populated\">\n\t\t\t\t\t\t\t\t<div class=\"elementor-element elementor-element-a4d5eac elementor-widget elementor-widget-glow-cta-box\" data-id=\"a4d5eac\" data-element_type=\"widget\" data-widget_type=\"glow-cta-box.default\">\n\t\t\t\t<div class=\"elementor-widget-container\">\n\t\t\t<!-- Start of Call to action section\r\n        ============================================= -->\r\n        <section id=\"gl-call-to-action\" class=\"gl-call-to-action-section\">\r\n            <div class=\"container\">\r\n                <div class=\"gl-call-to-action-content\">\r\n                    <div class=\"row\">\r\n                        <div class=\"col-lg-6 wow fadeInLeft\" data-wow-delay=\"0ms\" data-wow-duration=\"1500ms\">\r\n                            <div class=\"gl-cta-text-wrap\">\r\n                                <div class=\"gl-section-title headline pera-content\">\r\n\r\n                                                                            <h2>Contact Information<\/h2>\r\n                                    \r\n                                    \r\n                                <\/div>\r\n                                                                <div class=\"gl-cta-info-item d-flex align-items-center\">\r\n                                    <div class=\"gl-cta-info-icon d-flex align-items-center justify-content-center\">\r\n                                        <img decoding=\"async\" src=\"https:\/\/themexriver.com\/wp\/glox-demo\/wp-content\/uploads\/2022\/05\/phone.svg\" alt=\"\">\r\n                                    <\/div>\r\n                                    <div class=\"gl-cta-info-text headline\">\r\n                                        <h6>Phone:<\/h6>\r\n                                        <span>+90 322 332 75 85<\/span>\r\n                                    <\/div>\r\n                                <\/div>\r\n                                                                <div class=\"gl-cta-info-item d-flex align-items-center\">\r\n                                    <div class=\"gl-cta-info-icon d-flex align-items-center justify-content-center\">\r\n                                        <img decoding=\"async\" src=\"https:\/\/themexriver.com\/wp\/glox-demo\/wp-content\/uploads\/2022\/05\/comment.svg\" alt=\"\">\r\n                                    <\/div>\r\n                                    <div class=\"gl-cta-info-text headline\">\r\n                                        <h6>Email:<\/h6>\r\n                                        <span>msttelekom@msttelekom.com<\/span>\r\n                                    <\/div>\r\n                                <\/div>\r\n                                                                <div class=\"gl-cta-info-item d-flex align-items-center\">\r\n                                    <div class=\"gl-cta-info-icon d-flex align-items-center justify-content-center\">\r\n                                        <img decoding=\"async\" src=\"https:\/\/themexriver.com\/wp\/glox-demo\/wp-content\/uploads\/2022\/05\/location.svg\" alt=\"\">\r\n                                    <\/div>\r\n                                    <div class=\"gl-cta-info-text headline\">\r\n                                        <h6>Address:<\/h6>\r\n                                        <span>Yeni Mahalle 4365 Sk. A-Blok No:8\/1-27 Sar\u0131\u00e7am, Adana<\/span>\r\n                                    <\/div>\r\n                                <\/div>\r\n                                                            <\/div>\r\n                        <\/div>\r\n                        <div class=\"col-lg-6 position-relative wow fadeInRight\" data-wow-delay=\"200ms\" data-wow-duration=\"1500ms\">\r\n                            <div class=\"gl-call-to-action-form-wrap \">\r\n                                <div class=\"gl-call-to-action-form headline\">\r\n                                                                            <h3>Contact Form<\/h3>\r\n                                                                        \n<div class=\"wpcf7 no-js\" id=\"wpcf7-f4410-o1\" lang=\"en-US\" dir=\"ltr\">\n<div class=\"screen-reader-response\"><p role=\"status\" aria-live=\"polite\" aria-atomic=\"true\"><\/p> <ul><\/ul><\/div>\n<form action=\"\/en\/wp-json\/wp\/v2\/pages\/4414#wpcf7-f4410-o1\" method=\"post\" class=\"wpcf7-form init\" aria-label=\"Contact form\" novalidate=\"novalidate\" data-status=\"init\">\n<div style=\"display: none;\">\n<input type=\"hidden\" name=\"_wpcf7\" value=\"4410\" \/>\n<input type=\"hidden\" name=\"_wpcf7_version\" value=\"5.8\" \/>\n<input type=\"hidden\" name=\"_wpcf7_locale\" value=\"en_US\" \/>\n<input type=\"hidden\" name=\"_wpcf7_unit_tag\" value=\"wpcf7-f4410-o1\" \/>\n<input type=\"hidden\" name=\"_wpcf7_container_post\" value=\"0\" \/>\n<input type=\"hidden\" name=\"_wpcf7_posted_data_hash\" value=\"\" \/>\n<\/div>\n<div class=\"gl-team-contact-form\">\n\t<div class=\"gl-faq-ques-form\">\n\t\t<div class=\"gl-call-to-action-form headline\">\n\t\t\t<div class=\"row\">\n\t\t\t\t<div class=\"col-md-6\">\n\t\t\t\t\t<div class=\"cta-input position-relative\">\n\t\t\t\t\t\t<p><span class=\"wpcf7-form-control-wrap\" data-name=\"appoinment-363\"><input size=\"40\" class=\"wpcf7-form-control wpcf7-text wpcf7-validates-as-required\" aria-required=\"true\" aria-invalid=\"false\" placeholder=\"Name Surname*\" value=\"\" type=\"text\" name=\"appoinment-363\" \/><\/span><i class=\"fas fa-user\"><\/i>\n\t\t\t\t\t\t<\/p>\n\t\t\t\t\t<\/div>\n\t\t\t\t<\/div>\n\t\t\t\t<div class=\"col-md-6\">\n\t\t\t\t\t<div class=\"cta-input position-relative\">\n\t\t\t\t\t\t<p><span class=\"wpcf7-form-control-wrap\" data-name=\"appoinment-email-976\"><input size=\"40\" class=\"wpcf7-form-control wpcf7-email wpcf7-validates-as-required wpcf7-text wpcf7-validates-as-email\" aria-required=\"true\" aria-invalid=\"false\" placeholder=\"Mail Address\" value=\"\" type=\"email\" name=\"appoinment-email-976\" \/><\/span><i class=\"fas fa-envelope\"><\/i>\n\t\t\t\t\t\t<\/p>\n\t\t\t\t\t<\/div>\n\t\t\t\t<\/div>\n\t\t\t\t<div class=\"col-md-6\">\n\t\t\t\t\t<div class=\"cta-input position-relative\">\n\t\t\t\t\t\t<p><span class=\"wpcf7-form-control-wrap\" data-name=\"appoinment-drop-461\"><select class=\"wpcf7-form-control wpcf7-select wpcf7-validates-as-required\" aria-required=\"true\" aria-invalid=\"false\" name=\"appoinment-drop-461\"><option value=\"GSM\">GSM<\/option><option value=\"GSMR\">GSMR<\/option><option value=\"Energy Infrastructure\">Energy Infrastructure<\/option><option value=\"MW (Radio Link)\">MW (Radio Link)<\/option><option value=\"Electrification\">Electrification<\/option><option value=\"Manufacturing Production\">Manufacturing Production<\/option><option value=\"Support\">Support<\/option><\/select><\/span>\n\t\t\t\t\t\t<\/p>\n\t\t\t\t\t<\/div>\n\t\t\t\t<\/div>\n\t\t\t\t<div class=\"col-md-6\">\n\t\t\t\t\t<div class=\"cta-input position-relative\">\n\t\t\t\t\t\t<p><span class=\"wpcf7-form-control-wrap\" data-name=\"appoinment-phone-363\"><input size=\"40\" class=\"wpcf7-form-control wpcf7-text wpcf7-validates-as-required\" aria-required=\"true\" aria-invalid=\"false\" placeholder=\"Phone Number\" value=\"\" type=\"text\" name=\"appoinment-phone-363\" \/><\/span><i class=\"fas fa-phone-alt\"><\/i>\n\t\t\t\t\t\t<\/p>\n\t\t\t\t\t<\/div>\n\t\t\t\t<\/div>\n\t\t\t\t<div class=\"col-md-12\">\n\t\t\t\t\t<div class=\"cta-input position-relative\">\n\t\t\t\t\t\t<p><span class=\"wpcf7-form-control-wrap\" data-name=\"appoinment-desc-705\"><textarea cols=\"40\" rows=\"10\" class=\"wpcf7-form-control wpcf7-textarea\" aria-invalid=\"false\" placeholder=\"Enter Messege\" name=\"appoinment-desc-705\"><\/textarea><\/span><i class=\"fal fa-edit\"><\/i>\n\t\t\t\t\t\t<\/p>\n\t\t\t\t\t<\/div>\n\t\t\t\t<\/div>\n\t\t\t<\/div>\n\t\t\t<p><button type=\"submit\">Send<\/button>\n\t\t\t<\/p>\n\t\t<\/div>\n\t<\/div>\n<\/div><div class=\"wpcf7-response-output\" aria-hidden=\"true\"><\/div>\n<\/form>\n<\/div>\n                                                                                                            <span class=\"gl-call-to-action-shape position-absolute\" data-parallax='{\"x\" : -50}'><img decoding=\"async\" src=\"https:\/\/themexriver.com\/wp\/glox-demo\/wp-content\/uploads\/2022\/05\/Object.svg\" alt=\"\"><\/span>\r\n                                                                    <\/div>\r\n                            <\/div>\r\n                        <\/div>\r\n                    <\/div>\r\n                <\/div>\r\n            <\/div>\r\n        <\/section>\t\t\r\n    <!-- End of Call to action section\r\n        ============================================= -->\t\t<\/div>\n\t\t\t\t<\/div>\n\t\t\t\t\t<\/div>\n\t\t<\/div>\n\t\t\t\t\t\t\t<\/div>\n\t\t<\/section>\n\t\t\t\t<section class=\"elementor-section elementor-top-section elementor-element elementor-element-669fc78 elementor-section-full_width elementor-section-height-default elementor-section-height-default wpr-particle-no wpr-jarallax-no wpr-parallax-no wpr-sticky-section-no\" data-id=\"669fc78\" data-element_type=\"section\">\n\t\t\t\t\t\t<div class=\"elementor-container elementor-column-gap-no\">\n\t\t\t\t\t<div class=\"elementor-column elementor-col-100 elementor-top-column elementor-element elementor-element-f21409e\" data-id=\"f21409e\" data-element_type=\"column\">\n\t\t\t<div class=\"elementor-widget-wrap elementor-element-populated\">\n\t\t\t\t\t\t\t\t<div class=\"elementor-element elementor-element-95c50c0 elementor-widget elementor-widget-google_maps\" data-id=\"95c50c0\" data-element_type=\"widget\" data-widget_type=\"google_maps.default\">\n\t\t\t\t<div class=\"elementor-widget-container\">\n\t\t\t<style>\/*! elementor - v3.15.0 - 09-08-2023 *\/\n.elementor-widget-google_maps .elementor-widget-container{overflow:hidden}.elementor-widget-google_maps .elementor-custom-embed{line-height:0}.elementor-widget-google_maps iframe{height:300px}<\/style>\t\t<div class=\"elementor-custom-embed\">\n\t\t\t<iframe loading=\"lazy\"\n\t\t\t\t\tsrc=\"https:\/\/maps.google.com\/maps?q=K%C4%B1%C5%9Fla%2C%204365.%20Sk.%20No%3A8%2C%2001370%20Y%C3%BCre%C4%9Fir%2FAdana&#038;t=m&#038;z=10&#038;output=embed&#038;iwloc=near\"\n\t\t\t\t\ttitle=\"K\u0131\u015fla, 4365. Sk. No:8, 01370 Y\u00fcre\u011fir\/Adana\"\n\t\t\t\t\taria-label=\"K\u0131\u015fla, 4365. Sk. No:8, 01370 Y\u00fcre\u011fir\/Adana\"\n\t\t\t><\/iframe>\n\t\t<\/div>\n\t\t\t\t<\/div>\n\t\t\t\t<\/div>\n\t\t\t\t\t<\/div>\n\t\t<\/div>\n\t\t\t\t\t\t\t<\/div>\n\t\t<\/section>\n\t\t\t\t\t\t\t<\/div>\n\t\t","protected":false},"excerpt":{"rendered":"<p>Contact Contact Information Phone: +90 322 332 75 85 Email: msttelekom@msttelekom.com Address: Yeni Mahalle 4365 Sk. A-Blok No:8\/1-27 Sar\u0131\u00e7am, Adana Contact Form GSMGSMREnergy InfrastructureMW (Radio Link)ElectrificationManufacturing ProductionSupport Send<\/p>\n","protected":false},"author":1,"featured_media":0,"parent":0,"menu_order":0,"comment_status":"closed","ping_status":"closed","template":"glox-elementor.php","meta":{"inline_featured_image":false,"footnotes":""},"class_list":["post-4414","page","type-page","status-publish","hentry"],"_links":{"self":[{"href":"https:\/\/msttelekom.com\/en\/wp-json\/wp\/v2\/pages\/4414","targetHints":{"allow":["GET"]}}],"collection":[{"href":"https:\/\/msttelekom.com\/en\/wp-json\/wp\/v2\/pages"}],"about":[{"href":"https:\/\/msttelekom.com\/en\/wp-json\/wp\/v2\/types\/page"}],"author":[{"embeddable":true,"href":"https:\/\/msttelekom.com\/en\/wp-json\/wp\/v2\/users\/1"}],"replies":[{"embeddable":true,"href":"https:\/\/msttelekom.com\/en\/wp-json\/wp\/v2\/comments?post=4414"}],"version-history":[{"count":10,"href":"https:\/\/msttelekom.com\/en\/wp-json\/wp\/v2\/pages\/4414\/revisions"}],"predecessor-version":[{"id":4512,"href":"https:\/\/msttelekom.com\/en\/wp-json\/wp\/v2\/pages\/4414\/revisions\/4512"}],"wp:attachment":[{"href":"https:\/\/msttelekom.com\/en\/wp-json\/wp\/v2\/media?parent=4414"}],"curies":[{"name":"wp","href":"https:\/\/api.w.org\/{rel}","templated":true}]}}