{"id":4228,"date":"2023-03-29T01:40:18","date_gmt":"2023-03-28T22:40:18","guid":{"rendered":"https:\/\/msttelekom.com\/?page_id=4228"},"modified":"2023-10-17T13:22:00","modified_gmt":"2023-10-17T10:22:00","slug":"completed-work","status":"publish","type":"page","link":"https:\/\/msttelekom.com\/en\/completed-work\/","title":{"rendered":"Completed Work"},"content":{"rendered":"\t\t<div data-elementor-type=\"wp-page\" data-elementor-id=\"4228\" class=\"elementor elementor-4228\">\n\t\t\t\t\t\t\t\t\t<section class=\"elementor-section elementor-top-section elementor-element elementor-element-728d06b6 elementor-section-boxed elementor-section-height-default elementor-section-height-default wpr-particle-no wpr-jarallax-no wpr-parallax-no wpr-sticky-section-no\" data-id=\"728d06b6\" data-element_type=\"section\" data-settings=\"{&quot;background_background&quot;:&quot;classic&quot;}\">\n\t\t\t\t\t\t<div class=\"elementor-container elementor-column-gap-default\">\n\t\t\t\t\t<div class=\"elementor-column elementor-col-100 elementor-top-column elementor-element elementor-element-2fda86d\" data-id=\"2fda86d\" data-element_type=\"column\">\n\t\t\t<div class=\"elementor-widget-wrap elementor-element-populated\">\n\t\t\t\t\t\t\t\t<div class=\"elementor-element elementor-element-676ecb9 elementor-widget elementor-widget-spacer\" data-id=\"676ecb9\" data-element_type=\"widget\" data-widget_type=\"spacer.default\">\n\t\t\t\t<div class=\"elementor-widget-container\">\n\t\t\t<style>\/*! elementor - v3.15.0 - 09-08-2023 *\/\n.elementor-column .elementor-spacer-inner{height:var(--spacer-size)}.e-con{--container-widget-width:100%}.e-con-inner>.elementor-widget-spacer,.e-con>.elementor-widget-spacer{width:var(--container-widget-width,var(--spacer-size));--align-self:var(--container-widget-align-self,initial);--flex-shrink:0}.e-con-inner>.elementor-widget-spacer>.elementor-widget-container,.e-con-inner>.elementor-widget-spacer>.elementor-widget-container>.elementor-spacer,.e-con>.elementor-widget-spacer>.elementor-widget-container,.e-con>.elementor-widget-spacer>.elementor-widget-container>.elementor-spacer{height:100%}.e-con-inner>.elementor-widget-spacer>.elementor-widget-container>.elementor-spacer>.elementor-spacer-inner,.e-con>.elementor-widget-spacer>.elementor-widget-container>.elementor-spacer>.elementor-spacer-inner{height:var(--container-widget-height,var(--spacer-size))}<\/style>\t\t<div class=\"elementor-spacer\">\n\t\t\t<div class=\"elementor-spacer-inner\"><\/div>\n\t\t<\/div>\n\t\t\t\t<\/div>\n\t\t\t\t<\/div>\n\t\t\t\t<div class=\"elementor-element elementor-element-380d0358 elementor-widget elementor-widget-heading\" data-id=\"380d0358\" data-element_type=\"widget\" data-widget_type=\"heading.default\">\n\t\t\t\t<div class=\"elementor-widget-container\">\n\t\t\t<style>\/*! elementor - v3.15.0 - 09-08-2023 *\/\n.elementor-heading-title{padding:0;margin:0;line-height:1}.elementor-widget-heading .elementor-heading-title[class*=elementor-size-]>a{color:inherit;font-size:inherit;line-height:inherit}.elementor-widget-heading .elementor-heading-title.elementor-size-small{font-size:15px}.elementor-widget-heading .elementor-heading-title.elementor-size-medium{font-size:19px}.elementor-widget-heading .elementor-heading-title.elementor-size-large{font-size:29px}.elementor-widget-heading .elementor-heading-title.elementor-size-xl{font-size:39px}.elementor-widget-heading .elementor-heading-title.elementor-size-xxl{font-size:59px}<\/style><h2 class=\"elementor-heading-title elementor-size-default\">Completed Work<\/h2>\t\t<\/div>\n\t\t\t\t<\/div>\n\t\t\t\t<div class=\"elementor-element elementor-element-16d88e4d elementor-widget elementor-widget-spacer\" data-id=\"16d88e4d\" data-element_type=\"widget\" data-widget_type=\"spacer.default\">\n\t\t\t\t<div class=\"elementor-widget-container\">\n\t\t\t\t\t<div class=\"elementor-spacer\">\n\t\t\t<div class=\"elementor-spacer-inner\"><\/div>\n\t\t<\/div>\n\t\t\t\t<\/div>\n\t\t\t\t<\/div>\n\t\t\t\t\t<\/div>\n\t\t<\/div>\n\t\t\t\t\t\t\t<\/div>\n\t\t<\/section>\n\t\t\t\t<section class=\"elementor-section elementor-top-section elementor-element elementor-element-131d881 elementor-section-boxed elementor-section-height-default elementor-section-height-default wpr-particle-no wpr-jarallax-no wpr-parallax-no wpr-sticky-section-no\" data-id=\"131d881\" data-element_type=\"section\">\n\t\t\t\t\t\t<div class=\"elementor-container elementor-column-gap-default\">\n\t\t\t\t\t<div class=\"elementor-column elementor-col-100 elementor-top-column elementor-element elementor-element-a5bcb33\" data-id=\"a5bcb33\" data-element_type=\"column\">\n\t\t\t<div class=\"elementor-widget-wrap\">\n\t\t\t\t\t\t\t\t\t<\/div>\n\t\t<\/div>\n\t\t\t\t\t\t\t<\/div>\n\t\t<\/section>\n\t\t\t\t<section class=\"elementor-section elementor-top-section elementor-element elementor-element-52dbc76 elementor-section-boxed elementor-section-height-default elementor-section-height-default wpr-particle-no wpr-jarallax-no wpr-parallax-no wpr-sticky-section-no\" data-id=\"52dbc76\" data-element_type=\"section\">\n\t\t\t\t\t\t<div class=\"elementor-container elementor-column-gap-default\">\n\t\t\t\t\t<div class=\"elementor-column elementor-col-100 elementor-top-column elementor-element elementor-element-51aac8d\" data-id=\"51aac8d\" data-element_type=\"column\">\n\t\t\t<div class=\"elementor-widget-wrap elementor-element-populated\">\n\t\t\t\t\t\t\t\t<div class=\"elementor-element elementor-element-03be9fe elementor-widget elementor-widget-heading\" data-id=\"03be9fe\" data-element_type=\"widget\" data-widget_type=\"heading.default\">\n\t\t\t\t<div class=\"elementor-widget-container\">\n\t\t\t<h4 class=\"elementor-heading-title elementor-size-default\">Suppliers<\/h4>\t\t<\/div>\n\t\t\t\t<\/div>\n\t\t\t\t\t<\/div>\n\t\t<\/div>\n\t\t\t\t\t\t\t<\/div>\n\t\t<\/section>\n\t\t\t\t<section class=\"elementor-section elementor-top-section elementor-element elementor-element-b3cdc4d elementor-section-boxed elementor-section-height-default elementor-section-height-default wpr-particle-no wpr-jarallax-no wpr-parallax-no wpr-sticky-section-no\" data-id=\"b3cdc4d\" data-element_type=\"section\">\n\t\t\t\t\t\t<div class=\"elementor-container elementor-column-gap-default\">\n\t\t\t\t\t<div class=\"elementor-column elementor-col-50 elementor-top-column elementor-element elementor-element-1ee5a7b\" data-id=\"1ee5a7b\" data-element_type=\"column\">\n\t\t\t<div class=\"elementor-widget-wrap elementor-element-populated\">\n\t\t\t\t\t\t\t\t<div class=\"elementor-element elementor-element-e907a5c elementor-widget elementor-widget-image\" data-id=\"e907a5c\" data-element_type=\"widget\" data-widget_type=\"image.default\">\n\t\t\t\t<div class=\"elementor-widget-container\">\n\t\t\t<style>\/*! elementor - v3.15.0 - 09-08-2023 *\/\n.elementor-widget-image{text-align:center}.elementor-widget-image a{display:inline-block}.elementor-widget-image a img[src$=\".svg\"]{width:48px}.elementor-widget-image img{vertical-align:middle;display:inline-block}<\/style>\t\t\t\t\t\t\t\t\t\t\t\t\t<a href=\"https:\/\/msttelekom.com\/en\/glow_service\/ericsson\/\">\n\t\t\t\t\t\t\t<img loading=\"lazy\" decoding=\"async\" width=\"300\" height=\"225\" src=\"https:\/\/msttelekom.com\/wp-content\/uploads\/2023\/03\/ericsson-logo-300x225.png\" class=\"attachment-medium size-medium wp-image-4096\" alt=\"\" srcset=\"https:\/\/msttelekom.com\/wp-content\/uploads\/2023\/03\/ericsson-logo-300x225.png 300w, https:\/\/msttelekom.com\/wp-content\/uploads\/2023\/03\/ericsson-logo.png 400w\" sizes=\"auto, (max-width: 300px) 100vw, 300px\" \/>\t\t\t\t\t\t\t\t<\/a>\n\t\t\t\t\t\t\t\t\t\t\t\t\t\t\t<\/div>\n\t\t\t\t<\/div>\n\t\t\t\t<div class=\"elementor-element elementor-element-27dcf09 elementor-widget elementor-widget-text-editor\" data-id=\"27dcf09\" data-element_type=\"widget\" data-widget_type=\"text-editor.default\">\n\t\t\t\t<div class=\"elementor-widget-container\">\n\t\t\t<style>\/*! elementor - v3.15.0 - 09-08-2023 *\/\n.elementor-widget-text-editor.elementor-drop-cap-view-stacked .elementor-drop-cap{background-color:#69727d;color:#fff}.elementor-widget-text-editor.elementor-drop-cap-view-framed .elementor-drop-cap{color:#69727d;border:3px solid;background-color:transparent}.elementor-widget-text-editor:not(.elementor-drop-cap-view-default) .elementor-drop-cap{margin-top:8px}.elementor-widget-text-editor:not(.elementor-drop-cap-view-default) .elementor-drop-cap-letter{width:1em;height:1em}.elementor-widget-text-editor .elementor-drop-cap{float:left;text-align:center;line-height:1;font-size:50px}.elementor-widget-text-editor .elementor-drop-cap-letter{display:inline-block}<\/style>\t\t\t\t<div class=\"thx-inner-title headline-3\"><h3><a tabindex=\"0\" href=\"https:\/\/msttelekom.com\/en\/glow_service\/ericsson\/\">Ericsson<\/a><\/h3><\/div><div><ul><li style=\"list-style: circle;\">300 new sites for AVEA,<\/li><li style=\"list-style: circle;\">52 swaps,<\/li><li style=\"list-style: circle;\">Almost 300 extensions and revisions<\/li><li style=\"list-style: circle;\">Indoor installation (Gizerler Bussiness Center, S\u00fcrmeli Hotel, Sel\u00e7uk Pharmaceutical Warehouse)<\/li><li style=\"list-style: circle;\">120 hop MW link installation<\/li><\/ul><\/div>\t\t\t\t\t\t<\/div>\n\t\t\t\t<\/div>\n\t\t\t\t\t<\/div>\n\t\t<\/div>\n\t\t\t\t<div class=\"elementor-column elementor-col-50 elementor-top-column elementor-element elementor-element-ca52e07\" data-id=\"ca52e07\" data-element_type=\"column\">\n\t\t\t<div class=\"elementor-widget-wrap elementor-element-populated\">\n\t\t\t\t\t\t\t\t<div class=\"elementor-element elementor-element-6e31a82 elementor-widget elementor-widget-image\" data-id=\"6e31a82\" data-element_type=\"widget\" data-widget_type=\"image.default\">\n\t\t\t\t<div class=\"elementor-widget-container\">\n\t\t\t\t\t\t\t\t\t\t\t\t\t\t\t\t<a href=\"https:\/\/msttelekom.com\/en\/glow_service\/ericsson\/\">\n\t\t\t\t\t\t\t<img loading=\"lazy\" decoding=\"async\" width=\"300\" height=\"225\" src=\"https:\/\/msttelekom.com\/wp-content\/uploads\/2023\/03\/motorola-logo-300x225.png\" class=\"attachment-medium size-medium wp-image-4094\" alt=\"\" srcset=\"https:\/\/msttelekom.com\/wp-content\/uploads\/2023\/03\/motorola-logo-300x225.png 300w, https:\/\/msttelekom.com\/wp-content\/uploads\/2023\/03\/motorola-logo.png 400w\" sizes=\"auto, (max-width: 300px) 100vw, 300px\" \/>\t\t\t\t\t\t\t\t<\/a>\n\t\t\t\t\t\t\t\t\t\t\t\t\t\t\t<\/div>\n\t\t\t\t<\/div>\n\t\t\t\t<div class=\"elementor-element elementor-element-2977d71 elementor-widget elementor-widget-text-editor\" data-id=\"2977d71\" data-element_type=\"widget\" data-widget_type=\"text-editor.default\">\n\t\t\t\t<div class=\"elementor-widget-container\">\n\t\t\t\t\t\t\t<div class=\"thx-inner-title headline-3\"><h3><a href=\"https:\/\/msttelekom.com\/en\/glow_service\/motorola\/\">Motorola<\/a><\/h3><\/div><div><ul><li style=\"list-style: circle;\">In 12 different cities(Kayseri, Ni\u011fde, Nev\u015fehir, Aksaray,\u00a0 K.Mara\u015f, Ad\u0131yaman, G.Antep, Kilis, Osmaniye, Hatay, Adana, Mersin)<\/li><li style=\"list-style: circle;\">60 tower &amp; roof top new sites,<\/li><li style=\"list-style: circle;\">More than 200 site rework and revision,<\/li><li style=\"list-style: circle;\">26 tower installations of various tower sizes,<\/li><\/ul><\/div>\t\t\t\t\t\t<\/div>\n\t\t\t\t<\/div>\n\t\t\t\t\t<\/div>\n\t\t<\/div>\n\t\t\t\t\t\t\t<\/div>\n\t\t<\/section>\n\t\t\t\t<section class=\"elementor-section elementor-top-section elementor-element elementor-element-f521aaa elementor-section-boxed elementor-section-height-default elementor-section-height-default wpr-particle-no wpr-jarallax-no wpr-parallax-no wpr-sticky-section-no\" data-id=\"f521aaa\" data-element_type=\"section\">\n\t\t\t\t\t\t<div class=\"elementor-container elementor-column-gap-default\">\n\t\t\t\t\t<div class=\"elementor-column elementor-col-50 elementor-top-column elementor-element elementor-element-3b8e1e2\" data-id=\"3b8e1e2\" data-element_type=\"column\">\n\t\t\t<div class=\"elementor-widget-wrap elementor-element-populated\">\n\t\t\t\t\t\t\t\t<div class=\"elementor-element elementor-element-5fcf252 elementor-widget elementor-widget-image\" data-id=\"5fcf252\" data-element_type=\"widget\" data-widget_type=\"image.default\">\n\t\t\t\t<div class=\"elementor-widget-container\">\n\t\t\t\t\t\t\t\t\t\t\t\t\t\t\t\t<a href=\"https:\/\/msttelekom.com\/en\/glow_service\/huawei\/\">\n\t\t\t\t\t\t\t<img loading=\"lazy\" decoding=\"async\" width=\"300\" height=\"225\" src=\"https:\/\/msttelekom.com\/wp-content\/uploads\/2023\/03\/huawei-logo-300x225.png\" class=\"attachment-medium size-medium wp-image-4092\" alt=\"\" srcset=\"https:\/\/msttelekom.com\/wp-content\/uploads\/2023\/03\/huawei-logo-300x225.png 300w, https:\/\/msttelekom.com\/wp-content\/uploads\/2023\/03\/huawei-logo.png 400w\" sizes=\"auto, (max-width: 300px) 100vw, 300px\" \/>\t\t\t\t\t\t\t\t<\/a>\n\t\t\t\t\t\t\t\t\t\t\t\t\t\t\t<\/div>\n\t\t\t\t<\/div>\n\t\t\t\t<div class=\"elementor-element elementor-element-7586362 elementor-widget elementor-widget-text-editor\" data-id=\"7586362\" data-element_type=\"widget\" data-widget_type=\"text-editor.default\">\n\t\t\t\t<div class=\"elementor-widget-container\">\n\t\t\t\t\t\t\t<div class=\"thx-inner-title headline-3\"><h3><a href=\"https:\/\/msttelekom.com\/en\/glow_service\/huawei\/\">Huawei<\/a><\/h3><\/div><div><ul><li style=\"list-style: circle;\">471 site Avea, 256 site Vodafone 3G installation, 541 swap, 37 new site<\/li><li style=\"list-style: circle;\">317 hop MW link installation<\/li><li style=\"list-style: circle;\">25 site PTN was completed and the project is still going on.<\/li><\/ul><\/div>\t\t\t\t\t\t<\/div>\n\t\t\t\t<\/div>\n\t\t\t\t\t<\/div>\n\t\t<\/div>\n\t\t\t\t<div class=\"elementor-column elementor-col-50 elementor-top-column elementor-element elementor-element-b0d4073\" data-id=\"b0d4073\" data-element_type=\"column\">\n\t\t\t<div class=\"elementor-widget-wrap elementor-element-populated\">\n\t\t\t\t\t\t\t\t<div class=\"elementor-element elementor-element-07bf898 elementor-widget elementor-widget-image\" data-id=\"07bf898\" data-element_type=\"widget\" data-widget_type=\"image.default\">\n\t\t\t\t<div class=\"elementor-widget-container\">\n\t\t\t\t\t\t\t\t\t\t\t\t\t\t\t\t<a href=\"https:\/\/msttelekom.com\/en\/glow_service\/nsn\/\">\n\t\t\t\t\t\t\t<img loading=\"lazy\" decoding=\"async\" width=\"300\" height=\"225\" src=\"https:\/\/msttelekom.com\/wp-content\/uploads\/2023\/03\/nokia-logo-300x225.png\" class=\"attachment-medium size-medium wp-image-4104\" alt=\"\" srcset=\"https:\/\/msttelekom.com\/wp-content\/uploads\/2023\/03\/nokia-logo-300x225.png 300w, https:\/\/msttelekom.com\/wp-content\/uploads\/2023\/03\/nokia-logo.png 400w\" sizes=\"auto, (max-width: 300px) 100vw, 300px\" \/>\t\t\t\t\t\t\t\t<\/a>\n\t\t\t\t\t\t\t\t\t\t\t\t\t\t\t<\/div>\n\t\t\t\t<\/div>\n\t\t\t\t<div class=\"elementor-element elementor-element-bc2cfe1 elementor-widget elementor-widget-text-editor\" data-id=\"bc2cfe1\" data-element_type=\"widget\" data-widget_type=\"text-editor.default\">\n\t\t\t\t<div class=\"elementor-widget-container\">\n\t\t\t\t\t\t\t<div class=\"thx-inner-title headline-3\"><h3><a href=\"https:\/\/msttelekom.com\/en\/glow_service\/nsn\/\">NSN<\/a><\/h3><\/div><div><ul><li style=\"list-style: circle;\">38 New site installation,<\/li><\/ul><\/div>\t\t\t\t\t\t<\/div>\n\t\t\t\t<\/div>\n\t\t\t\t\t<\/div>\n\t\t<\/div>\n\t\t\t\t\t\t\t<\/div>\n\t\t<\/section>\n\t\t\t\t<section class=\"elementor-section elementor-top-section elementor-element elementor-element-04aa2c9 elementor-section-boxed elementor-section-height-default elementor-section-height-default wpr-particle-no wpr-jarallax-no wpr-parallax-no wpr-sticky-section-no\" data-id=\"04aa2c9\" data-element_type=\"section\">\n\t\t\t\t\t\t<div class=\"elementor-container elementor-column-gap-default\">\n\t\t\t\t\t<div class=\"elementor-column elementor-col-100 elementor-top-column elementor-element elementor-element-18256a6\" data-id=\"18256a6\" data-element_type=\"column\">\n\t\t\t<div class=\"elementor-widget-wrap\">\n\t\t\t\t\t\t\t\t\t<\/div>\n\t\t<\/div>\n\t\t\t\t\t\t\t<\/div>\n\t\t<\/section>\n\t\t\t\t<section class=\"elementor-section elementor-top-section elementor-element elementor-element-8c406ff elementor-section-boxed elementor-section-height-default elementor-section-height-default wpr-particle-no wpr-jarallax-no wpr-parallax-no wpr-sticky-section-no\" data-id=\"8c406ff\" data-element_type=\"section\">\n\t\t\t\t\t\t<div class=\"elementor-container elementor-column-gap-default\">\n\t\t\t\t\t<div class=\"elementor-column elementor-col-100 elementor-top-column elementor-element elementor-element-3317f40\" data-id=\"3317f40\" data-element_type=\"column\">\n\t\t\t<div class=\"elementor-widget-wrap elementor-element-populated\">\n\t\t\t\t\t\t\t\t<div class=\"elementor-element elementor-element-680d552 elementor-widget elementor-widget-heading\" data-id=\"680d552\" data-element_type=\"widget\" data-widget_type=\"heading.default\">\n\t\t\t\t<div class=\"elementor-widget-container\">\n\t\t\t<h4 class=\"elementor-heading-title elementor-size-default\">Operators <\/h4>\t\t<\/div>\n\t\t\t\t<\/div>\n\t\t\t\t<div class=\"elementor-element elementor-element-fbd89a4 elementor-widget elementor-widget-eael-feature-list\" data-id=\"fbd89a4\" data-element_type=\"widget\" data-widget_type=\"eael-feature-list.default\">\n\t\t\t\t<div class=\"elementor-widget-container\">\n\t\t\t\t\t<div class=\"-icon-position-left -tablet-icon-position-left -mobile-icon-position-left\">\n\t\t\t<ul id=\"eael-feature-list-fbd89a4\" class=\"eael-feature-list-items circle stacked \">\n\t\t\t                <li class=\"eael-feature-list-item elementor-repeater-item-d01a12a\">\n                    \n\t\t\t\t\t\t<div class=\"eael-feature-list-icon-box\">\n\t\t\t\t\t\t\t<div class=\"eael-feature-list-icon-inner\">\n\n\t\t\t\t\t\t\t\t<span class=\"eael-feature-list-icon fl-icon-0\">\n\n\t\t<i aria-hidden=\"true\" class=\"fas fa-check\"><\/i>\t\t\t\t\t\t\t\t<\/span>\n\t\t\t\t\t\t\t<\/div>\n\t\t\t\t\t\t<\/div>\n\t\t\t\t\t\t<div class=\"eael-feature-list-content-box\">\n\t\t\t\t\t\t\t<h3 class=\"eael-feature-list-title\"\t\t\t\t\t\t\t>For Avea, Turkcell and Vodafone;<\/h3\t\t\t\t\t\t>\n\t\t\t\t\t\t<p class=\"eael-feature-list-content\">4576 Survey, as built, TK and EMR work for\n<br>-AVEA (x1657), \n<br>-TURKCELL (x650)\n<br>-VODAFONE (x2269)\n<\/p>\n\t\t\t\t\t\t<\/div>\n\n\t\t\t\t\t<\/li>\n\t\t\t\t                <li class=\"eael-feature-list-item elementor-repeater-item-c29e16f\">\n                    \n\t\t\t\t\t\t<div class=\"eael-feature-list-icon-box\">\n\t\t\t\t\t\t\t<div class=\"eael-feature-list-icon-inner\">\n\n\t\t\t\t\t\t\t\t<span class=\"eael-feature-list-icon fl-icon-1\">\n\n\t\t<i aria-hidden=\"true\" class=\"fas fa-check\"><\/i>\t\t\t\t\t\t\t\t<\/span>\n\t\t\t\t\t\t\t<\/div>\n\t\t\t\t\t\t<\/div>\n\t\t\t\t\t\t<div class=\"eael-feature-list-content-box\">\n\t\t\t\t\t\t\t<h3 class=\"eael-feature-list-title\"\t\t\t\t\t\t\t>For Vodafone;<\/h3\t\t\t\t\t\t>\n\t\t\t\t\t\t<p class=\"eael-feature-list-content\">-194 new accusations and 20 renewals.\n<\/p>\n\t\t\t\t\t\t<\/div>\n\n\t\t\t\t\t<\/li>\n\t\t\t\t                <li class=\"eael-feature-list-item elementor-repeater-item-8c22542\">\n                    \n\t\t\t\t\t\t<div class=\"eael-feature-list-icon-box\">\n\t\t\t\t\t\t\t<div class=\"eael-feature-list-icon-inner\">\n\n\t\t\t\t\t\t\t\t<span class=\"eael-feature-list-icon fl-icon-2\">\n\n\t\t<i aria-hidden=\"true\" class=\"fas fa-check\"><\/i>\t\t\t\t\t\t\t\t<\/span>\n\t\t\t\t\t\t\t<\/div>\n\t\t\t\t\t\t<\/div>\n\t\t\t\t\t\t<div class=\"eael-feature-list-content-box\">\n\t\t\t\t\t\t\t<h3 class=\"eael-feature-list-title\"\t\t\t\t\t\t\t>For T\u00fcrk Telekom;<\/h3\t\t\t\t\t\t>\n\t\t\t\t\t\t<p class=\"eael-feature-list-content\"><br>-As an Alcatel subcontractor, 20 switchboard installations were performed for T\u00fcrk Telekom.\n<br>-As an IPC subcontractor, more than 150 DC energy installations were performed for T\u00fcrk Telekom and the project is still going on.\n<br>-35 new site installation for NSN\n<\/p>\n\t\t\t\t\t\t<\/div>\n\n\t\t\t\t\t<\/li>\n\t\t\t\t\t\t\t<\/ul>\n\t\t<\/div>\n\t\t\t\t<\/div>\n\t\t\t\t<\/div>\n\t\t\t\t\t<\/div>\n\t\t<\/div>\n\t\t\t\t\t\t\t<\/div>\n\t\t<\/section>\n\t\t\t\t<section class=\"elementor-section elementor-top-section elementor-element elementor-element-8121f69 elementor-section-boxed elementor-section-height-default elementor-section-height-default wpr-particle-no wpr-jarallax-no wpr-parallax-no wpr-sticky-section-no\" data-id=\"8121f69\" data-element_type=\"section\">\n\t\t\t\t\t\t<div class=\"elementor-container elementor-column-gap-default\">\n\t\t\t\t\t<div class=\"elementor-column elementor-col-100 elementor-top-column elementor-element elementor-element-ab901a6\" data-id=\"ab901a6\" data-element_type=\"column\">\n\t\t\t<div class=\"elementor-widget-wrap elementor-element-populated\">\n\t\t\t\t\t\t\t\t<div class=\"elementor-element elementor-element-44ba62d elementor-widget elementor-widget-heading\" data-id=\"44ba62d\" data-element_type=\"widget\" data-widget_type=\"heading.default\">\n\t\t\t\t<div class=\"elementor-widget-container\">\n\t\t\t<h4 class=\"elementor-heading-title elementor-size-default\">Generator Installations<\/h4>\t\t<\/div>\n\t\t\t\t<\/div>\n\t\t\t\t<div class=\"elementor-element elementor-element-57185c6 elementor-widget elementor-widget-text-editor\" data-id=\"57185c6\" data-element_type=\"widget\" data-widget_type=\"text-editor.default\">\n\t\t\t\t<div class=\"elementor-widget-container\">\n\t\t\t\t\t\t\t<p style=\"text-align: center;\">Some of the numerous generator installations performed by our company were shown below in table.<\/p><table class=\" aligncenter\" width=\"573\"><tbody><tr><td width=\"191\"><b>CITY<\/b><\/td><td width=\"191\"><b>INSTALLATION PLACE<\/b><\/td><td width=\"191\"><b>POWER (KVA)<\/b><\/td><\/tr><tr><td width=\"191\">Adana<\/td><td width=\"191\">M .Petrol<\/td><td width=\"191\">60<\/td><\/tr><tr><td width=\"191\">Adana<\/td><td width=\"191\">Aygaz<\/td><td width=\"191\">110<\/td><\/tr><tr><td width=\"191\">Adana<\/td><td width=\"191\">Meltem Kimya<\/td><td width=\"191\">500<\/td><\/tr><tr><td width=\"191\">Adana<\/td><td width=\"191\">Polat Petrol<\/td><td width=\"191\">110<\/td><\/tr><tr><td width=\"191\">Mersin<\/td><td width=\"191\">Tekli Orman<\/td><td width=\"191\">150<\/td><\/tr><tr><td width=\"191\">Mersin<\/td><td width=\"191\">Deniz Ticaret<\/td><td width=\"191\">110<\/td><\/tr><tr><td width=\"191\">Mersin<\/td><td width=\"191\">Tarsus American Kollej<\/td><td width=\"191\">2*425<\/td><\/tr><tr><td width=\"191\">Hatay<\/td><td width=\"191\">BP Gaze<\/td><td width=\"191\">850-250<\/td><\/tr><tr><td width=\"191\">Hatay<\/td><td width=\"191\">Emniyet M\u00fcd\u00fcrl\u00fc\u011f\u00fc<\/td><td width=\"191\">400<\/td><\/tr><tr><td width=\"191\">Osmaniye<\/td><td width=\"191\">Emniyet M\u00fcd\u00fcrl\u00fc\u011f\u00fc<\/td><td width=\"191\">150<\/td><\/tr><tr><td width=\"191\">Gaziantep<\/td><td width=\"191\">Emniyet M\u00fcd\u00fcrl\u00fc\u011f\u00fc<\/td><td width=\"191\">500<\/td><\/tr><tr><td width=\"191\">Gaziantep<\/td><td width=\"191\">Ravanda Hotel<\/td><td width=\"191\">550<\/td><\/tr><tr><td width=\"191\">Gaziantep<\/td><td width=\"191\">Amerikan Hast<\/td><td width=\"191\">350<\/td><\/tr><tr><td width=\"191\">Gaziantep<\/td><td width=\"191\">Nadir Ya\u011f<\/td><td width=\"191\">700<\/td><\/tr><\/tbody><\/table>\t\t\t\t\t\t<\/div>\n\t\t\t\t<\/div>\n\t\t\t\t\t<\/div>\n\t\t<\/div>\n\t\t\t\t\t\t\t<\/div>\n\t\t<\/section>\n\t\t\t\t\t\t\t<\/div>\n\t\t","protected":false},"excerpt":{"rendered":"<p>Completed Work Suppliers Ericsson 300 new sites for AVEA, 52 swaps, Almost 300 extensions and revisions Indoor installation (Gizerler Bussiness Center, S\u00fcrmeli Hotel, Sel\u00e7uk Pharmaceutical Warehouse) 120 hop MW link installation Motorola In 12 different cities(Kayseri, Ni\u011fde, Nev\u015fehir, Aksaray,\u00a0 K.Mara\u015f, Ad\u0131yaman, G.Antep, Kilis, Osmaniye, Hatay, Adana, Mersin) 60 tower &amp; roof top new sites, More [&hellip;]<\/p>\n","protected":false},"author":1,"featured_media":0,"parent":0,"menu_order":0,"comment_status":"closed","ping_status":"closed","template":"glox-elementor.php","meta":{"inline_featured_image":false,"footnotes":""},"class_list":["post-4228","page","type-page","status-publish","hentry"],"_links":{"self":[{"href":"https:\/\/msttelekom.com\/en\/wp-json\/wp\/v2\/pages\/4228","targetHints":{"allow":["GET"]}}],"collection":[{"href":"https:\/\/msttelekom.com\/en\/wp-json\/wp\/v2\/pages"}],"about":[{"href":"https:\/\/msttelekom.com\/en\/wp-json\/wp\/v2\/types\/page"}],"author":[{"embeddable":true,"href":"https:\/\/msttelekom.com\/en\/wp-json\/wp\/v2\/users\/1"}],"replies":[{"embeddable":true,"href":"https:\/\/msttelekom.com\/en\/wp-json\/wp\/v2\/comments?post=4228"}],"version-history":[{"count":37,"href":"https:\/\/msttelekom.com\/en\/wp-json\/wp\/v2\/pages\/4228\/revisions"}],"predecessor-version":[{"id":5244,"href":"https:\/\/msttelekom.com\/en\/wp-json\/wp\/v2\/pages\/4228\/revisions\/5244"}],"wp:attachment":[{"href":"https:\/\/msttelekom.com\/en\/wp-json\/wp\/v2\/media?parent=4228"}],"curies":[{"name":"wp","href":"https:\/\/api.w.org\/{rel}","templated":true}]}}