{"id":4186,"date":"2023-03-29T01:01:23","date_gmt":"2023-03-28T22:01:23","guid":{"rendered":"https:\/\/msttelekom.com\/yetkilendirme-ve-bayilikler\/"},"modified":"2023-03-30T14:06:40","modified_gmt":"2023-03-30T11:06:40","slug":"authorization-and-dealerships","status":"publish","type":"page","link":"https:\/\/msttelekom.com\/en\/authorization-and-dealerships\/","title":{"rendered":"Authorization and Dealerships"},"content":{"rendered":"\t\t<div data-elementor-type=\"wp-page\" data-elementor-id=\"4186\" class=\"elementor elementor-4186 elementor-4179\">\n\t\t\t\t\t\t\t\t\t<section class=\"elementor-section elementor-top-section elementor-element elementor-element-728d06b6 elementor-section-boxed elementor-section-height-default elementor-section-height-default wpr-particle-no wpr-jarallax-no wpr-parallax-no wpr-sticky-section-no\" data-id=\"728d06b6\" data-element_type=\"section\" data-settings=\"{&quot;background_background&quot;:&quot;classic&quot;}\">\n\t\t\t\t\t\t<div class=\"elementor-container elementor-column-gap-default\">\n\t\t\t\t\t<div class=\"elementor-column elementor-col-100 elementor-top-column elementor-element elementor-element-2fda86d\" data-id=\"2fda86d\" data-element_type=\"column\">\n\t\t\t<div class=\"elementor-widget-wrap elementor-element-populated\">\n\t\t\t\t\t\t\t\t<div class=\"elementor-element elementor-element-676ecb9 elementor-widget elementor-widget-spacer\" data-id=\"676ecb9\" data-element_type=\"widget\" data-widget_type=\"spacer.default\">\n\t\t\t\t<div class=\"elementor-widget-container\">\n\t\t\t<style>\/*! elementor - v3.15.0 - 09-08-2023 *\/\n.elementor-column .elementor-spacer-inner{height:var(--spacer-size)}.e-con{--container-widget-width:100%}.e-con-inner>.elementor-widget-spacer,.e-con>.elementor-widget-spacer{width:var(--container-widget-width,var(--spacer-size));--align-self:var(--container-widget-align-self,initial);--flex-shrink:0}.e-con-inner>.elementor-widget-spacer>.elementor-widget-container,.e-con-inner>.elementor-widget-spacer>.elementor-widget-container>.elementor-spacer,.e-con>.elementor-widget-spacer>.elementor-widget-container,.e-con>.elementor-widget-spacer>.elementor-widget-container>.elementor-spacer{height:100%}.e-con-inner>.elementor-widget-spacer>.elementor-widget-container>.elementor-spacer>.elementor-spacer-inner,.e-con>.elementor-widget-spacer>.elementor-widget-container>.elementor-spacer>.elementor-spacer-inner{height:var(--container-widget-height,var(--spacer-size))}<\/style>\t\t<div class=\"elementor-spacer\">\n\t\t\t<div class=\"elementor-spacer-inner\"><\/div>\n\t\t<\/div>\n\t\t\t\t<\/div>\n\t\t\t\t<\/div>\n\t\t\t\t<div class=\"elementor-element elementor-element-380d0358 elementor-widget elementor-widget-heading\" data-id=\"380d0358\" data-element_type=\"widget\" data-widget_type=\"heading.default\">\n\t\t\t\t<div class=\"elementor-widget-container\">\n\t\t\t<style>\/*! elementor - v3.15.0 - 09-08-2023 *\/\n.elementor-heading-title{padding:0;margin:0;line-height:1}.elementor-widget-heading .elementor-heading-title[class*=elementor-size-]>a{color:inherit;font-size:inherit;line-height:inherit}.elementor-widget-heading .elementor-heading-title.elementor-size-small{font-size:15px}.elementor-widget-heading .elementor-heading-title.elementor-size-medium{font-size:19px}.elementor-widget-heading .elementor-heading-title.elementor-size-large{font-size:29px}.elementor-widget-heading .elementor-heading-title.elementor-size-xl{font-size:39px}.elementor-widget-heading .elementor-heading-title.elementor-size-xxl{font-size:59px}<\/style><h2 class=\"elementor-heading-title elementor-size-default\">Authorization and Dealerships\n<\/h2>\t\t<\/div>\n\t\t\t\t<\/div>\n\t\t\t\t<div class=\"elementor-element elementor-element-16d88e4d elementor-widget elementor-widget-spacer\" data-id=\"16d88e4d\" data-element_type=\"widget\" data-widget_type=\"spacer.default\">\n\t\t\t\t<div class=\"elementor-widget-container\">\n\t\t\t\t\t<div class=\"elementor-spacer\">\n\t\t\t<div class=\"elementor-spacer-inner\"><\/div>\n\t\t<\/div>\n\t\t\t\t<\/div>\n\t\t\t\t<\/div>\n\t\t\t\t\t<\/div>\n\t\t<\/div>\n\t\t\t\t\t\t\t<\/div>\n\t\t<\/section>\n\t\t\t\t<section class=\"elementor-section elementor-top-section elementor-element elementor-element-9129721 elementor-section-full_width elementor-section-height-default elementor-section-height-default wpr-particle-no wpr-jarallax-no wpr-parallax-no wpr-sticky-section-no\" data-id=\"9129721\" data-element_type=\"section\">\n\t\t\t\t\t\t<div class=\"elementor-container elementor-column-gap-no\">\n\t\t\t\t\t<div class=\"elementor-column elementor-col-100 elementor-top-column elementor-element elementor-element-b95658b\" data-id=\"b95658b\" data-element_type=\"column\">\n\t\t\t<div class=\"elementor-widget-wrap elementor-element-populated\">\n\t\t\t\t\t\t\t\t<div class=\"elementor-element elementor-element-bbb7b92 elementor-widget elementor-widget-glow-feature-\" data-id=\"bbb7b92\" data-element_type=\"widget\" data-widget_type=\"glow-feature-.default\">\n\t\t\t\t<div class=\"elementor-widget-container\">\n\t\t\t\t\t<!-- Start of How it work section\r\n        ============================================= -->\r\n        <section id=\"gl-how-it-work\" class=\"gl-how-it-work-section\">\r\n            <div class=\"container\"> \r\n                <div class=\"gl-how-it-work-content position-relative\">\r\n                    <div class=\"row justify-content-center\">\r\n                                                <div class=\"col-lg-4 col-md-6\">\r\n                            <div class=\"how-it-work-innerbox headline-2\">\r\n                                <div class=\"thx-inner-item\">\r\n                                    <div class=\"thx-inner-icon\">\r\n                                        <i aria-hidden=\"true\" class=\"flaticon flaticon-administration\"><\/i>                                    <\/div>\r\n                                    <div class=\"thx-inner-title headline\">\r\n                                        <h3><a href=\"\">Ericsson Adana District Subcontractor<\/a><\/h3>\r\n                                    <\/div>\r\n                                    <div class=\"thx-inner-text\">\r\n                                                                            <\/div>\r\n                                    <div class=\"thx-inner-btn\">\r\n                                        <a href=\"\"> <i class=\"far fa-arrow-right\"><\/i><\/a>\r\n                                    <\/div>\r\n                                <\/div>\r\n                            <\/div>\r\n                        <\/div>\r\n                                                <div class=\"col-lg-4 col-md-6\">\r\n                            <div class=\"how-it-work-innerbox headline-2\">\r\n                                <div class=\"thx-inner-item\">\r\n                                    <div class=\"thx-inner-icon\">\r\n                                        <i aria-hidden=\"true\" class=\"flaticon flaticon-administration\"><\/i>                                    <\/div>\r\n                                    <div class=\"thx-inner-title headline\">\r\n                                        <h3><a href=\"\">NSN -  ADANA  and KAYSER\u0130 District Subcontractor<\/a><\/h3>\r\n                                    <\/div>\r\n                                    <div class=\"thx-inner-text\">\r\n                                                                            <\/div>\r\n                                    <div class=\"thx-inner-btn\">\r\n                                        <a href=\"\"> <i class=\"far fa-arrow-right\"><\/i><\/a>\r\n                                    <\/div>\r\n                                <\/div>\r\n                            <\/div>\r\n                        <\/div>\r\n                                                <div class=\"col-lg-4 col-md-6\">\r\n                            <div class=\"how-it-work-innerbox headline-2\">\r\n                                <div class=\"thx-inner-item\">\r\n                                    <div class=\"thx-inner-icon\">\r\n                                        <i aria-hidden=\"true\" class=\"flaticon flaticon-administration\"><\/i>                                    <\/div>\r\n                                    <div class=\"thx-inner-title headline\">\r\n                                        <h3><a href=\"\">HUAWE\u0130 - ADANA and ANTALYA District Subcontractor<\/a><\/h3>\r\n                                    <\/div>\r\n                                    <div class=\"thx-inner-text\">\r\n                                                                            <\/div>\r\n                                    <div class=\"thx-inner-btn\">\r\n                                        <a href=\"\"> <i class=\"far fa-arrow-right\"><\/i><\/a>\r\n                                    <\/div>\r\n                                <\/div>\r\n                            <\/div>\r\n                        <\/div>\r\n                                                <div class=\"col-lg-4 col-md-6\">\r\n                            <div class=\"how-it-work-innerbox headline-2\">\r\n                                <div class=\"thx-inner-item\">\r\n                                    <div class=\"thx-inner-icon\">\r\n                                        <i aria-hidden=\"true\" class=\"flaticon flaticon-administration\"><\/i>                                    <\/div>\r\n                                    <div class=\"thx-inner-title headline\">\r\n                                        <h3><a href=\"\">Ark Yap\u0131 A.\u015e <\/a><\/h3>\r\n                                    <\/div>\r\n                                    <div class=\"thx-inner-text\">\r\n                                                                            <\/div>\r\n                                    <div class=\"thx-inner-btn\">\r\n                                        <a href=\"\"> <i class=\"far fa-arrow-right\"><\/i><\/a>\r\n                                    <\/div>\r\n                                <\/div>\r\n                            <\/div>\r\n                        <\/div>\r\n                                                <div class=\"col-lg-4 col-md-6\">\r\n                            <div class=\"how-it-work-innerbox headline-2\">\r\n                                <div class=\"thx-inner-item\">\r\n                                    <div class=\"thx-inner-icon\">\r\n                                        <i aria-hidden=\"true\" class=\"flaticon flaticon-administration\"><\/i>                                    <\/div>\r\n                                    <div class=\"thx-inner-title headline\">\r\n                                        <h3><a href=\"\">\u00c7ukurova Jenerat\u00f6r Authorized Technical Service<\/a><\/h3>\r\n                                    <\/div>\r\n                                    <div class=\"thx-inner-text\">\r\n                                                                            <\/div>\r\n                                    <div class=\"thx-inner-btn\">\r\n                                        <a href=\"\"> <i class=\"far fa-arrow-right\"><\/i><\/a>\r\n                                    <\/div>\r\n                                <\/div>\r\n                            <\/div>\r\n                        <\/div>\r\n                                            <\/div>\r\n                <\/div>\r\n            <\/div>\r\n        <\/section>\t\t\r\n    <!-- End of How it work section\r\n        ============================================= -->\r\n    \t\t<\/div>\n\t\t\t\t<\/div>\n\t\t\t\t\t<\/div>\n\t\t<\/div>\n\t\t\t\t\t\t\t<\/div>\n\t\t<\/section>\n\t\t\t\t\t\t\t<\/div>\n\t\t","protected":false},"excerpt":{"rendered":"<p>Authorization and Dealerships Ericsson Adana District Subcontractor NSN &#8211; ADANA and KAYSER\u0130 District Subcontractor HUAWE\u0130 &#8211; ADANA and ANTALYA District Subcontractor Ark Yap\u0131 A.\u015e \u00c7ukurova Jenerat\u00f6r Authorized Technical Service<\/p>\n","protected":false},"author":1,"featured_media":0,"parent":0,"menu_order":0,"comment_status":"closed","ping_status":"closed","template":"glox-elementor.php","meta":{"inline_featured_image":false,"footnotes":""},"class_list":["post-4186","page","type-page","status-publish","hentry"],"_links":{"self":[{"href":"https:\/\/msttelekom.com\/en\/wp-json\/wp\/v2\/pages\/4186","targetHints":{"allow":["GET"]}}],"collection":[{"href":"https:\/\/msttelekom.com\/en\/wp-json\/wp\/v2\/pages"}],"about":[{"href":"https:\/\/msttelekom.com\/en\/wp-json\/wp\/v2\/types\/page"}],"author":[{"embeddable":true,"href":"https:\/\/msttelekom.com\/en\/wp-json\/wp\/v2\/users\/1"}],"replies":[{"embeddable":true,"href":"https:\/\/msttelekom.com\/en\/wp-json\/wp\/v2\/comments?post=4186"}],"version-history":[{"count":7,"href":"https:\/\/msttelekom.com\/en\/wp-json\/wp\/v2\/pages\/4186\/revisions"}],"predecessor-version":[{"id":4808,"href":"https:\/\/msttelekom.com\/en\/wp-json\/wp\/v2\/pages\/4186\/revisions\/4808"}],"wp:attachment":[{"href":"https:\/\/msttelekom.com\/en\/wp-json\/wp\/v2\/media?parent=4186"}],"curies":[{"name":"wp","href":"https:\/\/api.w.org\/{rel}","templated":true}]}}