{"id":4060,"date":"2022-06-04T12:22:24","date_gmt":"2022-06-04T09:22:24","guid":{"rendered":"https:\/\/msttelekom.com\/yonetim-kurulu-ve-organizasyon-semasi\/"},"modified":"2023-03-28T03:34:05","modified_gmt":"2023-03-28T00:34:05","slug":"board-of-directors-and-organization-chartyonetim-kurulu-ve-organizasyon-semasi","status":"publish","type":"page","link":"https:\/\/msttelekom.com\/en\/board-of-directors-and-organization-chartyonetim-kurulu-ve-organizasyon-semasi\/","title":{"rendered":"Board of Directors and Organization Chart"},"content":{"rendered":"\t\t<div data-elementor-type=\"wp-page\" data-elementor-id=\"4060\" class=\"elementor elementor-4060 elementor-3310\">\n\t\t\t\t\t\t\t\t\t<section class=\"elementor-section elementor-top-section elementor-element elementor-element-f0cccd5 elementor-section-boxed elementor-section-height-default elementor-section-height-default wpr-particle-no wpr-jarallax-no wpr-parallax-no wpr-sticky-section-no\" data-id=\"f0cccd5\" data-element_type=\"section\" data-settings=\"{&quot;background_background&quot;:&quot;classic&quot;}\">\n\t\t\t\t\t\t<div class=\"elementor-container elementor-column-gap-default\">\n\t\t\t\t\t<div class=\"elementor-column elementor-col-100 elementor-top-column elementor-element elementor-element-e351ccd\" data-id=\"e351ccd\" data-element_type=\"column\">\n\t\t\t<div class=\"elementor-widget-wrap elementor-element-populated\">\n\t\t\t\t\t\t\t\t<div class=\"elementor-element elementor-element-82414d8 elementor-widget elementor-widget-spacer\" data-id=\"82414d8\" data-element_type=\"widget\" data-widget_type=\"spacer.default\">\n\t\t\t\t<div class=\"elementor-widget-container\">\n\t\t\t<style>\/*! elementor - v3.15.0 - 09-08-2023 *\/\n.elementor-column .elementor-spacer-inner{height:var(--spacer-size)}.e-con{--container-widget-width:100%}.e-con-inner>.elementor-widget-spacer,.e-con>.elementor-widget-spacer{width:var(--container-widget-width,var(--spacer-size));--align-self:var(--container-widget-align-self,initial);--flex-shrink:0}.e-con-inner>.elementor-widget-spacer>.elementor-widget-container,.e-con-inner>.elementor-widget-spacer>.elementor-widget-container>.elementor-spacer,.e-con>.elementor-widget-spacer>.elementor-widget-container,.e-con>.elementor-widget-spacer>.elementor-widget-container>.elementor-spacer{height:100%}.e-con-inner>.elementor-widget-spacer>.elementor-widget-container>.elementor-spacer>.elementor-spacer-inner,.e-con>.elementor-widget-spacer>.elementor-widget-container>.elementor-spacer>.elementor-spacer-inner{height:var(--container-widget-height,var(--spacer-size))}<\/style>\t\t<div class=\"elementor-spacer\">\n\t\t\t<div class=\"elementor-spacer-inner\"><\/div>\n\t\t<\/div>\n\t\t\t\t<\/div>\n\t\t\t\t<\/div>\n\t\t\t\t<div class=\"elementor-element elementor-element-2ff4395 elementor-widget elementor-widget-heading\" data-id=\"2ff4395\" data-element_type=\"widget\" data-widget_type=\"heading.default\">\n\t\t\t\t<div class=\"elementor-widget-container\">\n\t\t\t<style>\/*! elementor - v3.15.0 - 09-08-2023 *\/\n.elementor-heading-title{padding:0;margin:0;line-height:1}.elementor-widget-heading .elementor-heading-title[class*=elementor-size-]>a{color:inherit;font-size:inherit;line-height:inherit}.elementor-widget-heading .elementor-heading-title.elementor-size-small{font-size:15px}.elementor-widget-heading .elementor-heading-title.elementor-size-medium{font-size:19px}.elementor-widget-heading .elementor-heading-title.elementor-size-large{font-size:29px}.elementor-widget-heading .elementor-heading-title.elementor-size-xl{font-size:39px}.elementor-widget-heading .elementor-heading-title.elementor-size-xxl{font-size:59px}<\/style><h2 class=\"elementor-heading-title elementor-size-default\">Board of Directors and Organization Chart<\/h2>\t\t<\/div>\n\t\t\t\t<\/div>\n\t\t\t\t<div class=\"elementor-element elementor-element-6dc2182 elementor-widget elementor-widget-spacer\" data-id=\"6dc2182\" data-element_type=\"widget\" data-widget_type=\"spacer.default\">\n\t\t\t\t<div class=\"elementor-widget-container\">\n\t\t\t\t\t<div class=\"elementor-spacer\">\n\t\t\t<div class=\"elementor-spacer-inner\"><\/div>\n\t\t<\/div>\n\t\t\t\t<\/div>\n\t\t\t\t<\/div>\n\t\t\t\t\t<\/div>\n\t\t<\/div>\n\t\t\t\t\t\t\t<\/div>\n\t\t<\/section>\n\t\t\t\t<section class=\"elementor-section elementor-top-section elementor-element elementor-element-24cb7ac elementor-section-full_width elementor-section-height-default elementor-section-height-default wpr-particle-no wpr-jarallax-no wpr-parallax-no wpr-sticky-section-no\" data-id=\"24cb7ac\" data-element_type=\"section\">\n\t\t\t\t\t\t<div class=\"elementor-container elementor-column-gap-no\">\n\t\t\t\t\t<div class=\"elementor-column elementor-col-100 elementor-top-column elementor-element elementor-element-3deb119\" data-id=\"3deb119\" data-element_type=\"column\">\n\t\t\t<div class=\"elementor-widget-wrap elementor-element-populated\">\n\t\t\t\t\t\t\t\t<div class=\"elementor-element elementor-element-521d0b2 elementor-widget elementor-widget-heading\" data-id=\"521d0b2\" data-element_type=\"widget\" data-widget_type=\"heading.default\">\n\t\t\t\t<div class=\"elementor-widget-container\">\n\t\t\t<h2 class=\"elementor-heading-title elementor-size-default\">Board of Directors <\/h2>\t\t<\/div>\n\t\t\t\t<\/div>\n\t\t\t\t<div class=\"elementor-element elementor-element-0221a99 elementor-widget elementor-widget-text-editor\" data-id=\"0221a99\" data-element_type=\"widget\" data-widget_type=\"text-editor.default\">\n\t\t\t\t<div class=\"elementor-widget-container\">\n\t\t\t<style>\/*! elementor - v3.15.0 - 09-08-2023 *\/\n.elementor-widget-text-editor.elementor-drop-cap-view-stacked .elementor-drop-cap{background-color:#69727d;color:#fff}.elementor-widget-text-editor.elementor-drop-cap-view-framed .elementor-drop-cap{color:#69727d;border:3px solid;background-color:transparent}.elementor-widget-text-editor:not(.elementor-drop-cap-view-default) .elementor-drop-cap{margin-top:8px}.elementor-widget-text-editor:not(.elementor-drop-cap-view-default) .elementor-drop-cap-letter{width:1em;height:1em}.elementor-widget-text-editor .elementor-drop-cap{float:left;text-align:center;line-height:1;font-size:50px}.elementor-widget-text-editor .elementor-drop-cap-letter{display:inline-block}<\/style>\t\t\t\t<p style=\"text-align: center;\">\u00a0\u00a0\u00a0\u00a0\u00a0 MST TELEKOM ELEKTR\u0130K OTOMOT\u0130V \u0130N\u015eAAT T\u0130CARET VE SANAY\u0130 L\u0130M\u0130TED \u015e\u0130RKET\u0130\u00a0 is owned by one equal partners. Company partners:<\/p>\t\t\t\t\t\t<\/div>\n\t\t\t\t<\/div>\n\t\t\t\t<div class=\"elementor-element elementor-element-a9ec55a elementor-widget elementor-widget-spacer\" data-id=\"a9ec55a\" data-element_type=\"widget\" data-widget_type=\"spacer.default\">\n\t\t\t\t<div class=\"elementor-widget-container\">\n\t\t\t\t\t<div class=\"elementor-spacer\">\n\t\t\t<div class=\"elementor-spacer-inner\"><\/div>\n\t\t<\/div>\n\t\t\t\t<\/div>\n\t\t\t\t<\/div>\n\t\t\t\t<div class=\"elementor-element elementor-element-3318b36 elementor-widget elementor-widget-glow-teammember-\" data-id=\"3318b36\" data-element_type=\"widget\" data-widget_type=\"glow-teammember-.default\">\n\t\t\t\t<div class=\"elementor-widget-container\">\n\t\t\t<!-- Start of team section\r\n============================================= -->\r\n<section id=\"gl-team\" class=\"gl-team-section\">\r\n    <div class=\"container\">\r\n                <div class=\"gl-title-top-content headline pera-content d-flex justify-content-center align-items-center text-center\">\r\n\r\n            \r\n            \r\n        <\/div>\r\n                <div class=\"gl-team-content position-relative\">\r\n\r\n            \r\n            <div class=\"row justify-content-center\">\r\n                                                <div class=\"col-lg-3 col-md-6 wow fadeInUp\" data-wow-delay=\"0ms\" data-wow-duration=\"1500ms\">\r\n                    <div class=\"gl-team-inner-item\">\r\n                        <div class=\"thx-inner-item text-center\">\r\n                            <div class=\"thx-inner-img\">\r\n                                <img decoding=\"async\" src=\"https:\/\/msttelekom.com\/wp-content\/uploads\/2023\/03\/msttelekom-favicon.png\" alt=\"\">\r\n                            <\/div>\r\n                            <div class=\"thx-inner-title headline\">\r\n                                <h3><a href=\"https:\/\/msttelekom.com\/glow_team\/ugur-tas\/\">U\u011fur TA\u015e<\/a><\/h3>\r\n                            <\/div>\r\n                                                        <div class=\"thx-inner-degi\">\r\n                                Executive Board \r\n                            <\/div>\r\n                                                                                    <div class=\"thx-inner-btn\">\r\n                                <a href=\"https:\/\/msttelekom.com\/glow_team\/ugur-tas\/\"><\/a>\r\n                            <\/div>\r\n                        <\/div>\r\n                    <\/div>\r\n                <\/div>\r\n                            <\/div>\r\n        <\/div>\r\n    <\/div>\r\n<\/section>\t\t\t\t\r\n<!-- End of team feature section\r\n============================================= -->\t\t<\/div>\n\t\t\t\t<\/div>\n\t\t\t\t\t<\/div>\n\t\t<\/div>\n\t\t\t\t\t\t\t<\/div>\n\t\t<\/section>\n\t\t\t\t<section class=\"elementor-section elementor-top-section elementor-element elementor-element-53e417a elementor-section-full_width elementor-section-height-default elementor-section-height-default wpr-particle-no wpr-jarallax-no wpr-parallax-no wpr-sticky-section-no\" data-id=\"53e417a\" data-element_type=\"section\">\n\t\t\t\t\t\t<div class=\"elementor-container elementor-column-gap-no\">\n\t\t\t\t\t<div class=\"elementor-column elementor-col-100 elementor-top-column elementor-element elementor-element-24381cb\" data-id=\"24381cb\" data-element_type=\"column\">\n\t\t\t<div class=\"elementor-widget-wrap elementor-element-populated\">\n\t\t\t\t\t\t\t\t<div class=\"elementor-element elementor-element-55d1f84 elementor-widget elementor-widget-heading\" data-id=\"55d1f84\" data-element_type=\"widget\" data-widget_type=\"heading.default\">\n\t\t\t\t<div class=\"elementor-widget-container\">\n\t\t\t<h2 class=\"elementor-heading-title elementor-size-default\">Organization Chart<\/h2>\t\t<\/div>\n\t\t\t\t<\/div>\n\t\t\t\t<div class=\"elementor-element elementor-element-1bd5606 elementor-widget elementor-widget-text-editor\" data-id=\"1bd5606\" data-element_type=\"widget\" data-widget_type=\"text-editor.default\">\n\t\t\t\t<div class=\"elementor-widget-container\">\n\t\t\t\t\t\t\t<p style=\"text-align: center;\"><strong>Executive board;<\/strong><\/p><p style=\"text-align: center;\">U\u011fur Ta\u015f<\/p><p style=\"text-align: center;\"><strong>Staff;<\/strong><\/p><p style=\"text-align: center;\">3 engineers,<\/p><p style=\"text-align: center;\">2 technical teachers,<\/p><p style=\"text-align: center;\">10 technicians with vocational school degree,<\/p><p style=\"text-align: center;\">17 electricians,<\/p><p style=\"text-align: center;\">3 administrative staff,<\/p><p style=\"text-align: center;\">12 auxiliary staff,<\/p><p style=\"text-align: center;\">\u00a0of total 47 employees are currently present.<\/p>\t\t\t\t\t\t<\/div>\n\t\t\t\t<\/div>\n\t\t\t\t<div class=\"elementor-element elementor-element-b915ff2 elementor-widget elementor-widget-image\" data-id=\"b915ff2\" data-element_type=\"widget\" data-widget_type=\"image.default\">\n\t\t\t\t<div class=\"elementor-widget-container\">\n\t\t\t<style>\/*! elementor - v3.15.0 - 09-08-2023 *\/\n.elementor-widget-image{text-align:center}.elementor-widget-image a{display:inline-block}.elementor-widget-image a img[src$=\".svg\"]{width:48px}.elementor-widget-image img{vertical-align:middle;display:inline-block}<\/style>\t\t\t\t\t\t\t\t\t\t\t\t<img decoding=\"async\" src=\"https:\/\/msttelekom.com\/wp-content\/uploads\/elementor\/thumbs\/ingilizce-sema-q45lifi8apicqxyr7087l1qowzzurl0psb080lt4s2.png\" title=\"ingilizce-sema\" alt=\"ingilizce-sema\" loading=\"lazy\" \/>\t\t\t\t\t\t\t\t\t\t\t\t\t\t\t<\/div>\n\t\t\t\t<\/div>\n\t\t\t\t<div class=\"elementor-element elementor-element-80cdb24 elementor-widget elementor-widget-spacer\" data-id=\"80cdb24\" data-element_type=\"widget\" data-widget_type=\"spacer.default\">\n\t\t\t\t<div class=\"elementor-widget-container\">\n\t\t\t\t\t<div class=\"elementor-spacer\">\n\t\t\t<div class=\"elementor-spacer-inner\"><\/div>\n\t\t<\/div>\n\t\t\t\t<\/div>\n\t\t\t\t<\/div>\n\t\t\t\t\t<\/div>\n\t\t<\/div>\n\t\t\t\t\t\t\t<\/div>\n\t\t<\/section>\n\t\t\t\t\t\t\t<\/div>\n\t\t","protected":false},"excerpt":{"rendered":"<p>Board of Directors and Organization Chart Board of Directors \u00a0\u00a0\u00a0\u00a0\u00a0 MST TELEKOM ELEKTR\u0130K OTOMOT\u0130V \u0130N\u015eAAT T\u0130CARET VE SANAY\u0130 L\u0130M\u0130TED \u015e\u0130RKET\u0130\u00a0 is owned by one equal partners. Company partners: U\u011fur TA\u015e Executive Board Organization Chart Executive board; U\u011fur Ta\u015f Staff; 3 engineers, 2 technical teachers, 10 technicians with vocational school degree, 17 electricians, 3 administrative staff, [&hellip;]<\/p>\n","protected":false},"author":1,"featured_media":0,"parent":0,"menu_order":0,"comment_status":"closed","ping_status":"closed","template":"glox-elementor.php","meta":{"inline_featured_image":false,"footnotes":""},"class_list":["post-4060","page","type-page","status-publish","hentry"],"_links":{"self":[{"href":"https:\/\/msttelekom.com\/en\/wp-json\/wp\/v2\/pages\/4060","targetHints":{"allow":["GET"]}}],"collection":[{"href":"https:\/\/msttelekom.com\/en\/wp-json\/wp\/v2\/pages"}],"about":[{"href":"https:\/\/msttelekom.com\/en\/wp-json\/wp\/v2\/types\/page"}],"author":[{"embeddable":true,"href":"https:\/\/msttelekom.com\/en\/wp-json\/wp\/v2\/users\/1"}],"replies":[{"embeddable":true,"href":"https:\/\/msttelekom.com\/en\/wp-json\/wp\/v2\/comments?post=4060"}],"version-history":[{"count":4,"href":"https:\/\/msttelekom.com\/en\/wp-json\/wp\/v2\/pages\/4060\/revisions"}],"predecessor-version":[{"id":4064,"href":"https:\/\/msttelekom.com\/en\/wp-json\/wp\/v2\/pages\/4060\/revisions\/4064"}],"wp:attachment":[{"href":"https:\/\/msttelekom.com\/en\/wp-json\/wp\/v2\/media?parent=4060"}],"curies":[{"name":"wp","href":"https:\/\/api.w.org\/{rel}","templated":true}]}}