{"id":4043,"date":"2022-06-04T11:42:39","date_gmt":"2022-06-04T08:42:39","guid":{"rendered":"https:\/\/msttelekom.com\/hakkimizda\/"},"modified":"2023-10-17T13:19:35","modified_gmt":"2023-10-17T10:19:35","slug":"about-us","status":"publish","type":"page","link":"https:\/\/msttelekom.com\/en\/about-us\/","title":{"rendered":"About us"},"content":{"rendered":"<p class=\"attachment\"><a href='https:\/\/msttelekom.com\/wp-content\/uploads\/2023\/03\/hakkimizda-2.jpeg'><img loading=\"lazy\" decoding=\"async\" width=\"169\" height=\"300\" src=\"https:\/\/msttelekom.com\/wp-content\/uploads\/2023\/03\/hakkimizda-2-169x300.jpeg\" class=\"attachment-medium size-medium\" alt=\"\" srcset=\"https:\/\/msttelekom.com\/wp-content\/uploads\/2023\/03\/hakkimizda-2-169x300.jpeg 169w, https:\/\/msttelekom.com\/wp-content\/uploads\/2023\/03\/hakkimizda-2-575x1024.jpeg 575w, https:\/\/msttelekom.com\/wp-content\/uploads\/2023\/03\/hakkimizda-2-768x1367.jpeg 768w, https:\/\/msttelekom.com\/wp-content\/uploads\/2023\/03\/hakkimizda-2-863x1536.jpeg 863w, https:\/\/msttelekom.com\/wp-content\/uploads\/2023\/03\/hakkimizda-2.jpeg 899w\" sizes=\"auto, (max-width: 169px) 100vw, 169px\" \/><\/a><\/p>\n\t\t<div data-elementor-type=\"wp-page\" data-elementor-id=\"4043\" class=\"elementor elementor-4043 elementor-3240\">\n\t\t\t\t\t\t\t\t\t<section class=\"elementor-section elementor-top-section elementor-element elementor-element-728d06b6 elementor-section-boxed elementor-section-height-default elementor-section-height-default wpr-particle-no wpr-jarallax-no wpr-parallax-no wpr-sticky-section-no\" data-id=\"728d06b6\" data-element_type=\"section\" data-settings=\"{&quot;background_background&quot;:&quot;classic&quot;}\">\n\t\t\t\t\t\t<div class=\"elementor-container elementor-column-gap-default\">\n\t\t\t\t\t<div class=\"elementor-column elementor-col-100 elementor-top-column elementor-element elementor-element-2fda86d\" data-id=\"2fda86d\" data-element_type=\"column\">\n\t\t\t<div class=\"elementor-widget-wrap elementor-element-populated\">\n\t\t\t\t\t\t\t\t<div class=\"elementor-element elementor-element-676ecb9 elementor-widget elementor-widget-spacer\" data-id=\"676ecb9\" data-element_type=\"widget\" data-widget_type=\"spacer.default\">\n\t\t\t\t<div class=\"elementor-widget-container\">\n\t\t\t<style>\/*! elementor - v3.15.0 - 09-08-2023 *\/\n.elementor-column .elementor-spacer-inner{height:var(--spacer-size)}.e-con{--container-widget-width:100%}.e-con-inner>.elementor-widget-spacer,.e-con>.elementor-widget-spacer{width:var(--container-widget-width,var(--spacer-size));--align-self:var(--container-widget-align-self,initial);--flex-shrink:0}.e-con-inner>.elementor-widget-spacer>.elementor-widget-container,.e-con-inner>.elementor-widget-spacer>.elementor-widget-container>.elementor-spacer,.e-con>.elementor-widget-spacer>.elementor-widget-container,.e-con>.elementor-widget-spacer>.elementor-widget-container>.elementor-spacer{height:100%}.e-con-inner>.elementor-widget-spacer>.elementor-widget-container>.elementor-spacer>.elementor-spacer-inner,.e-con>.elementor-widget-spacer>.elementor-widget-container>.elementor-spacer>.elementor-spacer-inner{height:var(--container-widget-height,var(--spacer-size))}<\/style>\t\t<div class=\"elementor-spacer\">\n\t\t\t<div class=\"elementor-spacer-inner\"><\/div>\n\t\t<\/div>\n\t\t\t\t<\/div>\n\t\t\t\t<\/div>\n\t\t\t\t<div class=\"elementor-element elementor-element-380d0358 elementor-widget elementor-widget-heading\" data-id=\"380d0358\" data-element_type=\"widget\" data-widget_type=\"heading.default\">\n\t\t\t\t<div class=\"elementor-widget-container\">\n\t\t\t<style>\/*! elementor - v3.15.0 - 09-08-2023 *\/\n.elementor-heading-title{padding:0;margin:0;line-height:1}.elementor-widget-heading .elementor-heading-title[class*=elementor-size-]>a{color:inherit;font-size:inherit;line-height:inherit}.elementor-widget-heading .elementor-heading-title.elementor-size-small{font-size:15px}.elementor-widget-heading .elementor-heading-title.elementor-size-medium{font-size:19px}.elementor-widget-heading .elementor-heading-title.elementor-size-large{font-size:29px}.elementor-widget-heading .elementor-heading-title.elementor-size-xl{font-size:39px}.elementor-widget-heading .elementor-heading-title.elementor-size-xxl{font-size:59px}<\/style><h2 class=\"elementor-heading-title elementor-size-default\">About us<\/h2>\t\t<\/div>\n\t\t\t\t<\/div>\n\t\t\t\t<div class=\"elementor-element elementor-element-16d88e4d elementor-widget elementor-widget-spacer\" data-id=\"16d88e4d\" data-element_type=\"widget\" data-widget_type=\"spacer.default\">\n\t\t\t\t<div class=\"elementor-widget-container\">\n\t\t\t\t\t<div class=\"elementor-spacer\">\n\t\t\t<div class=\"elementor-spacer-inner\"><\/div>\n\t\t<\/div>\n\t\t\t\t<\/div>\n\t\t\t\t<\/div>\n\t\t\t\t\t<\/div>\n\t\t<\/div>\n\t\t\t\t\t\t\t<\/div>\n\t\t<\/section>\n\t\t\t\t<section class=\"elementor-section elementor-top-section elementor-element elementor-element-8664e05 elementor-section-full_width elementor-section-height-default elementor-section-height-default wpr-particle-no wpr-jarallax-no wpr-parallax-no wpr-sticky-section-no\" data-id=\"8664e05\" data-element_type=\"section\">\n\t\t\t\t\t\t<div class=\"elementor-container elementor-column-gap-no\">\n\t\t\t\t\t<div class=\"elementor-column elementor-col-100 elementor-top-column elementor-element elementor-element-4986d82\" data-id=\"4986d82\" data-element_type=\"column\">\n\t\t\t<div class=\"elementor-widget-wrap elementor-element-populated\">\n\t\t\t\t\t\t\t\t<div class=\"elementor-element elementor-element-fddf399 elementor-widget elementor-widget-gl-professional\" data-id=\"fddf399\" data-element_type=\"widget\" data-widget_type=\"gl-professional.default\">\n\t\t\t\t<div class=\"elementor-widget-container\">\n\t\t\t\t\t\t<!-- Professional Section -->\r\n\t\t\t<section class=\"professional-section\">\r\n\t\t\t\t<div class=\"auto-container\">\r\n\t\t\t\t\t<div class=\"row clearfix\">\r\n\t\t\t\t\t\t<!-- Image Column -->\r\n\t\t\t\t\t\t<div class=\"image-column col-lg-6 col-md-12 col-sm-12\">\r\n\t\t\t\t\t\t\t<div class=\"inner-column\">\r\n\t\t\t\t\t\t\t\t\r\n\t\t\t\t\t\t\t\t\t\t\t\t\t\t\t\t\r\n\t\t\t\t\t\t\t\t\t\t\t\t\t\t\t\t<div class=\"image\">\r\n\t\t\t\t\t\t\t\t\t<img decoding=\"async\" src=\"https:\/\/msttelekom.com\/wp-content\/uploads\/2023\/10\/hakkimizda-1.jpeg\" alt=\"img\" \/>\r\n\t\t\t\t\t\t\t\t<\/div>\r\n\t\t\t\t\t\t\t\t\r\n\t\t\t\t\t\t\t<\/div>\r\n\t\t\t\t\t\t<\/div>\r\n\t\t\t\t\t\t<!-- Content Column -->\r\n\t\t\t\t\t\t<div class=\"content-column col-lg-6 col-md-12 col-sm-12\">\r\n\t\t\t\t\t\t\t<div class=\"inner-column\">\r\n\t\t\t\t\t\t\t\t<!-- Title Box -->\r\n\t\t\t\t\t\t\t\t<div class=\"title-box\">\r\n\t\t\t\t\t\t\t\t\t\t\t\t\t\t\t\t\t\t<div class=\"title\">MST Telekom<\/div>\r\n\t\t\t\t\t\t\t\t\t\r\n\t\t\t\t\t\t\t\t\t\t\t\t\t\t\t\t\t<\/div>\r\n\r\n\t\t\t\t\t\t\t\t\t\t\t\t\t\t\t\t<div class=\"text\">MST TELEKOM ELEKTR\u0130K OTOMOT\u0130V \u0130N\u015eAAT T\u0130CARET VE SANAY\u0130 L\u0130M\u0130TED \u015e\u0130RKET\u0130 was established in 02.02.2000 in Adana.<br><\/div>\r\n\t\t\t\t\t\t\t\t\r\n\t\t\t\t\t\t\t\t\r\n\t\t\t\t\t\t\t\t\t\t\t\t\t\t\t\t<div class=\"text\">\n<h3 style=\"color:#65c1fb\">Our Aim<\/h3>\n\tAs   MST TELEKOM ELEKTR\u0130K OTOMOT\u0130V \u0130N\u015eAAT T\u0130CARET VE SANAY\u0130 L\u0130M\u0130TED \u015e\u0130RKET\u0130  our wish is to work as a solution partner for your company and to contribute in rapid application of the VODAFONE\u2019s strategic decisions. \t\n\t<br>\n\tThe information about our company\u2019s background from its establishment until today were stated in previous slides. Our company has the capacity to fulfill customers\u2019 needs 24\/7 due to its strong financial structure, field experience, trained staff and vehicle fleet. \t\n<br>\n\t We declare that, we are ready to set up the necessary organization to the execute the given task thoroughly, if deemed appropriate.\n\n<\/div>\r\n\t\t\t\t\t\t\t\t\r\n\t\t\t\t\t\t\t\t<div class=\"blocks-outer\">\r\n\t\t\t\t\t\t\t\t\r\n\t\t\t\t\t\t\t\t\t\t\t\t\t\t\t\t\t<!-- Featured Block -->\r\n\t\t\t\t\t\t\t\t\t<div class=\"featured-block\">\r\n\t\t\t\t\t\t\t\t\t\t<div class=\"inner-box\">\r\n\t\t\t\t\t\t\t\t\t\t\t<span class=\"icon\"><\/span>\r\n\t\t\t\t\t\t\t\t\t\t\t<strong><\/strong>\r\n\t\t\t\t\t\t\t\t\t\t\t<div class=\"feature-text\"><\/div>\r\n\t\t\t\t\t\t\t\t\t\t<\/div>\r\n\t\t\t\t\t\t\t\t\t<\/div>\r\n\t\t\t\t\t\t\t\t\t\t\t\t\t\t\t\t\t<\/div>\r\n\t\t\t\t\t\t\t<\/div>\r\n\t\t\t\t\t\t<\/div>\r\n\t\t\t\t\t<\/div>\r\n\t\t\t\t<\/div>\r\n\t\t\t<\/section>\r\n\t\t\t\t<\/div>\n\t\t\t\t<\/div>\n\t\t\t\t\t<\/div>\n\t\t<\/div>\n\t\t\t\t\t\t\t<\/div>\n\t\t<\/section>\n\t\t\t\t<section class=\"elementor-section elementor-top-section elementor-element elementor-element-1f9c134 elementor-section-boxed elementor-section-height-default elementor-section-height-default wpr-particle-no wpr-jarallax-no wpr-parallax-no wpr-sticky-section-no\" data-id=\"1f9c134\" data-element_type=\"section\">\n\t\t\t\t\t\t<div class=\"elementor-container elementor-column-gap-default\">\n\t\t\t\t\t<div class=\"elementor-column elementor-col-100 elementor-top-column elementor-element elementor-element-e2ca393\" data-id=\"e2ca393\" data-element_type=\"column\">\n\t\t\t<div class=\"elementor-widget-wrap elementor-element-populated\">\n\t\t\t\t\t\t\t\t<div class=\"elementor-element elementor-element-b47176f eael-dual-header-content-align-center elementor-widget elementor-widget-eael-dual-color-header\" data-id=\"b47176f\" data-element_type=\"widget\" data-widget_type=\"eael-dual-color-header.default\">\n\t\t\t\t<div class=\"elementor-widget-container\">\n\t\t\t\n\t\t        <div class=\"eael-dual-header\">\n\t\t\t\t<h2 class=\"title\"><span  class=\"lead solid-color\">General<\/span> <span>View<\/span><\/h2>\n\t\t<div class=\"eael-dch-separator-wrap\"><span class=\"separator-one\"><\/span>\n\t\t\t<span class=\"separator-two\"><\/span><\/div>\t\t<span class=\"subtext\"><\/span>\n\t\t\t\t\t<span class=\"eael-dch-svg-icon\"><\/span>\t\t\t\t<\/div>\n\t\n\t\t\n\t\t\n\t\t\n\t\t\t\t<\/div>\n\t\t\t\t<\/div>\n\t\t\t\t<div class=\"elementor-element elementor-element-fa48114 wpr-grid-columns-2 wpr-grid-columns--tablet3 wpr-grid-columns--mobile1 elementor-widget elementor-widget-wpr-media-grid\" data-id=\"fa48114\" data-element_type=\"widget\" data-widget_type=\"wpr-media-grid.default\">\n\t\t\t\t<div class=\"elementor-widget-container\">\n\t\t\t<section class=\"wpr-grid wpr-media-grid elementor-clearfix\" data-settings=\"{&quot;layout&quot;:&quot;masonry&quot;,&quot;columns_desktop&quot;:&quot;2&quot;,&quot;gutter_hr&quot;:10,&quot;gutter_hr_mobile&quot;:10,&quot;gutter_hr_mobile_extra&quot;:10,&quot;gutter_hr_tablet&quot;:10,&quot;gutter_hr_tablet_extra&quot;:10,&quot;gutter_hr_laptop&quot;:10,&quot;gutter_hr_widescreen&quot;:10,&quot;gutter_vr&quot;:10,&quot;gutter_vr_mobile&quot;:10,&quot;gutter_vr_mobile_extra&quot;:10,&quot;gutter_vr_tablet&quot;:10,&quot;gutter_vr_tablet_extra&quot;:10,&quot;gutter_vr_laptop&quot;:10,&quot;gutter_vr_widescreen&quot;:10,&quot;animation&quot;:&quot;default&quot;,&quot;animation_duration&quot;:0.3,&quot;animation_delay&quot;:0.1,&quot;deeplinking&quot;:&quot;&quot;,&quot;filters_default_filter&quot;:&quot;&quot;,&quot;filters_linkable&quot;:&quot;no&quot;,&quot;filters_count&quot;:&quot;&quot;,&quot;filters_hide_empty&quot;:&quot;no&quot;,&quot;filters_animation&quot;:&quot;default&quot;,&quot;filters_animation_duration&quot;:0.3,&quot;filters_animation_delay&quot;:0.1,&quot;pagination_type&quot;:&quot;load-more&quot;,&quot;pagination_max_pages&quot;:1,&quot;lightbox&quot;:{&quot;selector&quot;:&quot;.wpr-grid-image-wrap&quot;,&quot;iframeMaxWidth&quot;:&quot;60%&quot;,&quot;hash&quot;:false,&quot;autoplay&quot;:&quot;true&quot;,&quot;pause&quot;:5000,&quot;progressBar&quot;:&quot;true&quot;,&quot;counter&quot;:&quot;true&quot;,&quot;controls&quot;:&quot;true&quot;,&quot;getCaptionFromTitleOrAlt&quot;:&quot;true&quot;,&quot;thumbnail&quot;:&quot;&quot;,&quot;showThumbByDefault&quot;:&quot;&quot;,&quot;share&quot;:&quot;&quot;,&quot;zoom&quot;:&quot;true&quot;,&quot;fullScreen&quot;:&quot;true&quot;,&quot;download&quot;:&quot;true&quot;}}\"><article class=\"wpr-grid-item elementor-clearfix post-4033 attachment type-attachment status-inherit hentry\"><div class=\"wpr-grid-item-inner\"><div class=\"wpr-grid-media-wrap wpr-effect-size-small \"><div class=\"wpr-grid-image-wrap\" data-src=\"https:\/\/msttelekom.com\/wp-content\/uploads\/2023\/03\/hakkimizda-7.jpeg\"><img decoding=\"async\" src=\"https:\/\/msttelekom.com\/wp-content\/uploads\/2023\/03\/hakkimizda-7.jpeg\" alt=\"hakkimizda (7)\" class=\"wpr-anim-timing-ease-default\"><\/div><div class=\"wpr-grid-media-hover wpr-animation-wrap\"><div class=\"wpr-grid-media-hover-bg  wpr-overlay-fade-in wpr-anim-size-large wpr-anim-timing-ease-default wpr-anim-transparency\" data-url=\"https:\/\/msttelekom.com\/en\/about-us\/hakkimizda-7-2\/\"><\/div><div class=\"wpr-cv-container\"><div class=\"wpr-cv-outer\"><div class=\"wpr-cv-inner\"><div class=\"wpr-grid-media-hover-middle elementor-clearfix\"><div class=\"wpr-grid-item-lightbox elementor-repeater-item-b350280 wpr-grid-item-display-block wpr-grid-item-align-center wpr-element-fade-in wpr-anim-size-large wpr-anim-timing-ease-default wpr-anim-transparency\"><div class=\"inner-block\"><span data-src=\"https:\/\/msttelekom.com\/wp-content\/uploads\/2023\/03\/hakkimizda-7.jpeg\"><i class=\"fas fa-search\"><\/i><\/span><div class=\"wpr-grid-lightbox-overlay\"><\/div><\/div><\/div><\/div><\/div><\/div><\/div><\/div><\/div><\/div><\/article><article class=\"wpr-grid-item elementor-clearfix post-4021 attachment type-attachment status-inherit hentry\"><div class=\"wpr-grid-item-inner\"><div class=\"wpr-grid-media-wrap wpr-effect-size-small \"><div class=\"wpr-grid-image-wrap\" data-src=\"https:\/\/msttelekom.com\/wp-content\/uploads\/2023\/03\/hakkimizda-1.jpeg\"><img decoding=\"async\" src=\"https:\/\/msttelekom.com\/wp-content\/uploads\/2023\/03\/hakkimizda-1.jpeg\" alt=\"hakkimizda (1)\" class=\"wpr-anim-timing-ease-default\"><\/div><div class=\"wpr-grid-media-hover wpr-animation-wrap\"><div class=\"wpr-grid-media-hover-bg  wpr-overlay-fade-in wpr-anim-size-large wpr-anim-timing-ease-default wpr-anim-transparency\" data-url=\"https:\/\/msttelekom.com\/en\/about-us\/hakkimizda-1-2\/\"><\/div><div class=\"wpr-cv-container\"><div class=\"wpr-cv-outer\"><div class=\"wpr-cv-inner\"><div class=\"wpr-grid-media-hover-middle elementor-clearfix\"><div class=\"wpr-grid-item-lightbox elementor-repeater-item-b350280 wpr-grid-item-display-block wpr-grid-item-align-center wpr-element-fade-in wpr-anim-size-large wpr-anim-timing-ease-default wpr-anim-transparency\"><div class=\"inner-block\"><span data-src=\"https:\/\/msttelekom.com\/wp-content\/uploads\/2023\/03\/hakkimizda-1.jpeg\"><i class=\"fas fa-search\"><\/i><\/span><div class=\"wpr-grid-lightbox-overlay\"><\/div><\/div><\/div><\/div><\/div><\/div><\/div><\/div><\/div><\/div><\/article><article class=\"wpr-grid-item elementor-clearfix post-4031 attachment type-attachment status-inherit hentry\"><div class=\"wpr-grid-item-inner\"><div class=\"wpr-grid-media-wrap wpr-effect-size-small \"><div class=\"wpr-grid-image-wrap\" data-src=\"https:\/\/msttelekom.com\/wp-content\/uploads\/2023\/03\/hakkimizda-6.jpeg\"><img decoding=\"async\" src=\"https:\/\/msttelekom.com\/wp-content\/uploads\/2023\/03\/hakkimizda-6.jpeg\" alt=\"hakkimizda (6)\" class=\"wpr-anim-timing-ease-default\"><\/div><div class=\"wpr-grid-media-hover wpr-animation-wrap\"><div class=\"wpr-grid-media-hover-bg  wpr-overlay-fade-in wpr-anim-size-large wpr-anim-timing-ease-default wpr-anim-transparency\" data-url=\"https:\/\/msttelekom.com\/en\/about-us\/hakkimizda-6-2\/\"><\/div><div class=\"wpr-cv-container\"><div class=\"wpr-cv-outer\"><div class=\"wpr-cv-inner\"><div class=\"wpr-grid-media-hover-middle elementor-clearfix\"><div class=\"wpr-grid-item-lightbox elementor-repeater-item-b350280 wpr-grid-item-display-block wpr-grid-item-align-center wpr-element-fade-in wpr-anim-size-large wpr-anim-timing-ease-default wpr-anim-transparency\"><div class=\"inner-block\"><span data-src=\"https:\/\/msttelekom.com\/wp-content\/uploads\/2023\/03\/hakkimizda-6.jpeg\"><i class=\"fas fa-search\"><\/i><\/span><div class=\"wpr-grid-lightbox-overlay\"><\/div><\/div><\/div><\/div><\/div><\/div><\/div><\/div><\/div><\/div><\/article><article class=\"wpr-grid-item elementor-clearfix post-4029 attachment type-attachment status-inherit hentry\"><div class=\"wpr-grid-item-inner\"><div class=\"wpr-grid-media-wrap wpr-effect-size-small \"><div class=\"wpr-grid-image-wrap\" data-src=\"https:\/\/msttelekom.com\/wp-content\/uploads\/2023\/03\/hakkimizda-5.jpeg\"><img decoding=\"async\" src=\"https:\/\/msttelekom.com\/wp-content\/uploads\/2023\/03\/hakkimizda-5.jpeg\" alt=\"hakkimizda (5)\" class=\"wpr-anim-timing-ease-default\"><\/div><div class=\"wpr-grid-media-hover wpr-animation-wrap\"><div class=\"wpr-grid-media-hover-bg  wpr-overlay-fade-in wpr-anim-size-large wpr-anim-timing-ease-default wpr-anim-transparency\" data-url=\"https:\/\/msttelekom.com\/en\/about-us\/hakkimizda-5-2\/\"><\/div><div class=\"wpr-cv-container\"><div class=\"wpr-cv-outer\"><div class=\"wpr-cv-inner\"><div class=\"wpr-grid-media-hover-middle elementor-clearfix\"><div class=\"wpr-grid-item-lightbox elementor-repeater-item-b350280 wpr-grid-item-display-block wpr-grid-item-align-center wpr-element-fade-in wpr-anim-size-large wpr-anim-timing-ease-default wpr-anim-transparency\"><div class=\"inner-block\"><span data-src=\"https:\/\/msttelekom.com\/wp-content\/uploads\/2023\/03\/hakkimizda-5.jpeg\"><i class=\"fas fa-search\"><\/i><\/span><div class=\"wpr-grid-lightbox-overlay\"><\/div><\/div><\/div><\/div><\/div><\/div><\/div><\/div><\/div><\/div><\/article><article class=\"wpr-grid-item elementor-clearfix post-4027 attachment type-attachment status-inherit hentry\"><div class=\"wpr-grid-item-inner\"><div class=\"wpr-grid-media-wrap wpr-effect-size-small \"><div class=\"wpr-grid-image-wrap\" data-src=\"https:\/\/msttelekom.com\/wp-content\/uploads\/2023\/03\/hakkimizda-4.jpeg\"><img decoding=\"async\" src=\"https:\/\/msttelekom.com\/wp-content\/uploads\/2023\/03\/hakkimizda-4.jpeg\" alt=\"hakkimizda (4)\" class=\"wpr-anim-timing-ease-default\"><\/div><div class=\"wpr-grid-media-hover wpr-animation-wrap\"><div class=\"wpr-grid-media-hover-bg  wpr-overlay-fade-in wpr-anim-size-large wpr-anim-timing-ease-default wpr-anim-transparency\" data-url=\"https:\/\/msttelekom.com\/en\/about-us\/hakkimizda-4-2\/\"><\/div><div class=\"wpr-cv-container\"><div class=\"wpr-cv-outer\"><div class=\"wpr-cv-inner\"><div class=\"wpr-grid-media-hover-middle elementor-clearfix\"><div class=\"wpr-grid-item-lightbox elementor-repeater-item-b350280 wpr-grid-item-display-block wpr-grid-item-align-center wpr-element-fade-in wpr-anim-size-large wpr-anim-timing-ease-default wpr-anim-transparency\"><div class=\"inner-block\"><span data-src=\"https:\/\/msttelekom.com\/wp-content\/uploads\/2023\/03\/hakkimizda-4.jpeg\"><i class=\"fas fa-search\"><\/i><\/span><div class=\"wpr-grid-lightbox-overlay\"><\/div><\/div><\/div><\/div><\/div><\/div><\/div><\/div><\/div><\/div><\/article><article class=\"wpr-grid-item elementor-clearfix post-4025 attachment type-attachment status-inherit hentry\"><div class=\"wpr-grid-item-inner\"><div class=\"wpr-grid-media-wrap wpr-effect-size-small \"><div class=\"wpr-grid-image-wrap\" data-src=\"https:\/\/msttelekom.com\/wp-content\/uploads\/2023\/03\/hakkimizda-3.jpeg\"><img decoding=\"async\" src=\"https:\/\/msttelekom.com\/wp-content\/uploads\/2023\/03\/hakkimizda-3.jpeg\" alt=\"hakkimizda (3)\" class=\"wpr-anim-timing-ease-default\"><\/div><div class=\"wpr-grid-media-hover wpr-animation-wrap\"><div class=\"wpr-grid-media-hover-bg  wpr-overlay-fade-in wpr-anim-size-large wpr-anim-timing-ease-default wpr-anim-transparency\" data-url=\"https:\/\/msttelekom.com\/en\/about-us\/hakkimizda-3-2\/\"><\/div><div class=\"wpr-cv-container\"><div class=\"wpr-cv-outer\"><div class=\"wpr-cv-inner\"><div class=\"wpr-grid-media-hover-middle elementor-clearfix\"><div class=\"wpr-grid-item-lightbox elementor-repeater-item-b350280 wpr-grid-item-display-block wpr-grid-item-align-center wpr-element-fade-in wpr-anim-size-large wpr-anim-timing-ease-default wpr-anim-transparency\"><div class=\"inner-block\"><span data-src=\"https:\/\/msttelekom.com\/wp-content\/uploads\/2023\/03\/hakkimizda-3.jpeg\"><i class=\"fas fa-search\"><\/i><\/span><div class=\"wpr-grid-lightbox-overlay\"><\/div><\/div><\/div><\/div><\/div><\/div><\/div><\/div><\/div><\/div><\/article><article class=\"wpr-grid-item elementor-clearfix post-4023 attachment type-attachment status-inherit hentry\"><div class=\"wpr-grid-item-inner\"><div class=\"wpr-grid-media-wrap wpr-effect-size-small \"><div class=\"wpr-grid-image-wrap\" data-src=\"https:\/\/msttelekom.com\/wp-content\/uploads\/2023\/03\/hakkimizda-2.jpeg\"><img decoding=\"async\" src=\"https:\/\/msttelekom.com\/wp-content\/uploads\/2023\/03\/hakkimizda-2.jpeg\" alt=\"hakkimizda (2)\" class=\"wpr-anim-timing-ease-default\"><\/div><div class=\"wpr-grid-media-hover wpr-animation-wrap\"><div class=\"wpr-grid-media-hover-bg  wpr-overlay-fade-in wpr-anim-size-large wpr-anim-timing-ease-default wpr-anim-transparency\" data-url=\"https:\/\/msttelekom.com\/en\/about-us\/hakkimizda-2-2\/\"><\/div><div class=\"wpr-cv-container\"><div class=\"wpr-cv-outer\"><div class=\"wpr-cv-inner\"><div class=\"wpr-grid-media-hover-middle elementor-clearfix\"><div class=\"wpr-grid-item-lightbox elementor-repeater-item-b350280 wpr-grid-item-display-block wpr-grid-item-align-center wpr-element-fade-in wpr-anim-size-large wpr-anim-timing-ease-default wpr-anim-transparency\"><div class=\"inner-block\"><span data-src=\"https:\/\/msttelekom.com\/wp-content\/uploads\/2023\/03\/hakkimizda-2.jpeg\"><i class=\"fas fa-search\"><\/i><\/span><div class=\"wpr-grid-lightbox-overlay\"><\/div><\/div><\/div><\/div><\/div><\/div><\/div><\/div><\/div><\/div><\/article><\/section>\t\t<\/div>\n\t\t\t\t<\/div>\n\t\t\t\t\t<\/div>\n\t\t<\/div>\n\t\t\t\t\t\t\t<\/div>\n\t\t<\/section>\n\t\t\t\t\t\t\t<\/div>\n\t\t","protected":false},"excerpt":{"rendered":"<p>About us MST Telekom MST TELEKOM ELEKTR\u0130K OTOMOT\u0130V \u0130N\u015eAAT T\u0130CARET VE SANAY\u0130 L\u0130M\u0130TED \u015e\u0130RKET\u0130 was established in 02.02.2000 in Adana. Our Aim As MST TELEKOM ELEKTR\u0130K OTOMOT\u0130V \u0130N\u015eAAT T\u0130CARET VE SANAY\u0130 L\u0130M\u0130TED \u015e\u0130RKET\u0130 our wish is to work as a solution partner for your company and to contribute in rapid application of the VODAFONE\u2019s strategic [&hellip;]<\/p>\n","protected":false},"author":1,"featured_media":0,"parent":0,"menu_order":0,"comment_status":"closed","ping_status":"closed","template":"glox-elementor.php","meta":{"inline_featured_image":false,"footnotes":""},"class_list":["post-4043","page","type-page","status-publish","hentry"],"_links":{"self":[{"href":"https:\/\/msttelekom.com\/en\/wp-json\/wp\/v2\/pages\/4043","targetHints":{"allow":["GET"]}}],"collection":[{"href":"https:\/\/msttelekom.com\/en\/wp-json\/wp\/v2\/pages"}],"about":[{"href":"https:\/\/msttelekom.com\/en\/wp-json\/wp\/v2\/types\/page"}],"author":[{"embeddable":true,"href":"https:\/\/msttelekom.com\/en\/wp-json\/wp\/v2\/users\/1"}],"replies":[{"embeddable":true,"href":"https:\/\/msttelekom.com\/en\/wp-json\/wp\/v2\/comments?post=4043"}],"version-history":[{"count":16,"href":"https:\/\/msttelekom.com\/en\/wp-json\/wp\/v2\/pages\/4043\/revisions"}],"predecessor-version":[{"id":5238,"href":"https:\/\/msttelekom.com\/en\/wp-json\/wp\/v2\/pages\/4043\/revisions\/5238"}],"wp:attachment":[{"href":"https:\/\/msttelekom.com\/en\/wp-json\/wp\/v2\/media?parent=4043"}],"curies":[{"name":"wp","href":"https:\/\/api.w.org\/{rel}","templated":true}]}}